{"id":34256,"date":"2024-05-28T11:49:52","date_gmt":"2024-05-28T09:49:52","guid":{"rendered":"https:\/\/agrawdata.com\/avis-legal\/"},"modified":"2024-09-03T10:08:44","modified_gmt":"2024-09-03T08:08:44","slug":"avis-legal","status":"publish","type":"page","link":"https:\/\/agrawdata.com\/ca\/avis-legal\/","title":{"rendered":"Av\u00eds Legal"},"content":{"rendered":"\t\t<div data-elementor-type=\"wp-page\" data-elementor-id=\"34256\" class=\"elementor elementor-34256 elementor-31989\" data-elementor-post-type=\"page\">\n\t\t\t\t\t\t<section class=\"elementor-section elementor-top-section elementor-element elementor-element-7eea7c0a elementor-section-boxed elementor-section-height-default elementor-section-height-default\" data-id=\"7eea7c0a\" data-element_type=\"section\" data-e-type=\"section\">\n\t\t\t\t\t\t<div class=\"elementor-container elementor-column-gap-default\">\n\t\t\t\t\t<div class=\"elementor-column elementor-col-100 elementor-top-column elementor-element elementor-element-4f12b268\" data-id=\"4f12b268\" data-element_type=\"column\" data-e-type=\"column\">\n\t\t\t<div class=\"elementor-widget-wrap elementor-element-populated\">\n\t\t\t\t\t\t<div class=\"elementor-element elementor-element-8269bee elementor-widget elementor-widget-heading\" data-id=\"8269bee\" data-element_type=\"widget\" data-e-type=\"widget\" data-widget_type=\"heading.default\">\n\t\t\t\t<div class=\"elementor-widget-container\">\n\t\t\t\t\t<h2 class=\"elementor-heading-title elementor-size-default\">Av\u00eds Legal<\/h2>\t\t\t\t<\/div>\n\t\t\t\t<\/div>\n\t\t\t\t<div class=\"elementor-element elementor-element-793c778d elementor-widget elementor-widget-text-editor\" data-id=\"793c778d\" data-element_type=\"widget\" data-e-type=\"widget\" data-widget_type=\"text-editor.default\">\n\t\t\t\t<div class=\"elementor-widget-container\">\n\t\t\t\t\t\t\t\t\t<p><b>1.- Dret de la informaci\u00f3<\/b><\/p>\n<p><span style=\"font-weight: 400;\">L&#8217;informem que aquest Lloc Web <\/span><a href=\"https:\/\/agrawdata.com\/ca\/\"><span style=\"font-weight: 400;\">https:\/\/agrawdata.com\/<\/span><\/a><span style=\"font-weight: 400;\"> (en endavant, el &#8220;<\/span><b><i>Lloc Web<\/i><\/b><span style=\"font-weight: 400;\">&#8220;), \u00e9s titularitat de RAW DATA SL (en endavant, <\/span><b><i>&#8220;RAWDATA&#8221;)<\/i><\/b><span style=\"font-weight: 400;\">, amb N.I.F B67275883, i domicili social a Passeig Ronda, n\u00famero 9, planta 1, porta 2, 08100, Mollet Val (Barcelona), <\/span><span style=\"font-weight: 400;\">inscrita al Registre Mercantil de Barcelona Tomo 46544, Foli 80, Secci\u00f3 General, inscripci\u00f3 1,  Full 523364.<\/span><\/p>\n<p><span style=\"font-weight: 400;\">L&#8217;acc\u00e9s i\/o \u00fas de la Lloc Web li atribueix la condici\u00f3 d&#8217;usuari.<\/span><\/p>\n<p><span style=\"font-weight: 400;\">L&#8217;usuari (en endavant, l&#8217;<\/span><b>&#8220;Usuari<\/b><span style=\"font-weight: 400;\">&#8220;) pot posar-se en contacte amb RAWDATA a trav\u00e9s de la seg\u00fcent adre\u00e7a de correu electr\u00f2nic: <\/span><a href=\"mailto:info@rawdata.com\"><span style=\"font-weight: 400;\">info@rawdata.com<\/span><\/a><span style=\"font-weight: 400;\">.<\/span><\/p>\n<p><b>2.- \u00das del Lloc Web<\/b><\/p>\n<p><span style=\"font-weight: 400;\">L&#8217;Usuari assumeix la responsabilitat de l&#8217;\u00fas del Lloc Web.<br \/>\nEl Lloc Web pot proporcionar acc\u00e9s a multitud de textos, gr\u00e0fics, dibuixos, dissenys, fotografies, continguts multim\u00e8dia, i informacions (en endavant, &#8221; <\/span><b><i>Continguts<\/i><\/b><span style=\"font-weight: 400;\">&#8220;) pertanyents a RAWDATA o a tercers als quals l&#8217; Usuari pot tenir acc\u00e9s.<\/span><\/p>\n<p><span style=\"font-weight: 400;\">L&#8217;Usuari haur\u00e0 de fer un \u00fas adequat dels Continguts i serveis oferts a trav\u00e9s del Lloc Web i amb car\u00e0cter enunciatiu, per\u00f2 no limitatiu, a no emprar-los per:<\/span><\/p>\n<ol>\n<li style=\"font-weight: 400;\" aria-level=\"1\"><span style=\"font-weight: 400;\">Inc\u00f3rrer en activitats il\u00b7l\u00edcites, il\u00b7legals o contr\u00e0ries a la bona fe i a l&#8217;ordre p\u00fablic.<\/span><\/li>\n<\/ol>\n<ol>\n<li style=\"font-weight: 400;\" aria-level=\"1\"><span style=\"font-weight: 400;\">Provocar danys en els sistemes f\u00edsics i l\u00f2gics del Lloc Web de RAWDATA, dels seus prove\u00efdors o de terceres persones.<\/span><\/li>\n<\/ol>\n<ol>\n<li style=\"font-weight: 400;\" aria-level=\"1\"><span style=\"font-weight: 400;\">Introduir o difondre a la xarxa virus inform\u00e0tics o qualssevol altres sistemes f\u00edsics o l\u00f2gics que siguin susceptibles de provocar els danys anteriorment esmentats.<\/span><\/li>\n<\/ol>\n<ol>\n<li style=\"font-weight: 400;\" aria-level=\"1\"><span style=\"font-weight: 400;\">Intentar accedir, utilitzar i\/o manipular les dades de RAWDATA, de tercers ens col\u00b7laboradors i altres usuaris.<\/span><\/li>\n<\/ol>\n<ol>\n<li style=\"font-weight: 400;\" aria-level=\"1\"><span style=\"font-weight: 400;\">Reproduir o copiar, distribuir, permetre l&#8217; acc\u00e9s del p\u00fablic a trav\u00e9s de qualsevol modalitat de comunicaci\u00f3 p\u00fablica, transformar o modificar els Continguts, llevat que es compti amb l&#8217; autoritzaci\u00f3 de RAWDATA.<\/span><\/li>\n<\/ol>\n<ol>\n<li style=\"font-weight: 400;\" aria-level=\"1\"><span style=\"font-weight: 400;\">Suprimir, ocultar o manipular els Continguts subjectes a drets de propietat intel\u00b7lectual o industrial i altres dades identificatives d&#8217;aquests drets de RAWDATA o de tercers incorporats als Continguts, aix\u00ed com els dispositius t\u00e8cnics de protecci\u00f3 o qualssevol mecanismes d&#8217;informaci\u00f3 que puguin inserir-se en els Continguts.<\/span><\/li>\n<\/ol>\n<p><span style=\"font-weight: 400;\">RAWDATA tindr\u00e0 dret a investigar i denunciar qualsevol de les conductes esmentades d&#8217;acord amb la Llei, aix\u00ed com a col\u00b7laborar amb les autoritats en la investigaci\u00f3 d&#8217;aquestes actuacions.<\/span><\/p>\n<p><span style=\"font-weight: 400;\">RAWDATA podr\u00e0 suspendre temporalment i sense previ av\u00eds, l&#8217;accessibilitat al Lloc Web amb motiu d&#8217;operacions de manteniment, reparaci\u00f3, actualitzaci\u00f3 o millora.<br \/>\nNo obstant aix\u00f2, sempre que les circumst\u00e0ncies ho permetin, RAWDATA comunicar\u00e0 a l&#8217; Usuari, amb antelaci\u00f3 suficient, la data prevista per a la suspensi\u00f3 dels serveis.<br \/>\nRAWDATA no es responsabilitza de l&#8217;\u00fas que els Usuaris puguin fer dels Continguts inclosos en el Lloc Web.  <\/span><\/p>\n<p><b>3.- Propietat Intel\u00b7lectual i Industrial<\/b><\/p>\n<p><span style=\"font-weight: 400;\">Tots i cadascun dels drets de propietat intel\u00b7lectual sobre el contingut i el disseny gr\u00e0fic d&#8217;aquest Lloc Web (a t\u00edtol enunciatiu, imatges, so, \u00e0udio, v\u00eddeo, programari o textos; marques o logotips, combinacions de colors, estructura i disseny, selecci\u00f3 de materials usats, programes d&#8217;ordinador necessaris per al seu funcionament, acc\u00e9s i \u00fas, etc.) s\u00f3n propietat exclusiva de RAWDATA o d&#8217;un tercer que hagi autoritzat el seu \u00fas.<br \/>\nPer tant, RAWDATA t\u00e9 el dret exclusiu d&#8217; explotaci\u00f3 d&#8217; aquests continguts i disseny gr\u00e0fic. <\/span><\/p>\n<p><span style=\"font-weight: 400;\">Per aix\u00f2, en virtut del que disposa el Reial decret legislatiu 1\/1996, de 12 d&#8217;abril, pel qual s&#8217;aprova el Text Ref\u00f3s de la Llei de Propietat Intel\u00b7lectual, i en la Llei 17\/2001, de 7 de desembre, de Marques, de 7 de desembre, aix\u00ed com qualsevol altra legislaci\u00f3 complement\u00e0ria en mat\u00e8ria de propietat intel\u00b7lectual i industrial,  queda prohibida la reproducci\u00f3, transmissi\u00f3, adaptaci\u00f3, traducci\u00f3, distribuci\u00f3 o comunicaci\u00f3 p\u00fablica, inclosa la posada a disposici\u00f3 o qualsevol altra forma d&#8217;explotaci\u00f3 comercial i\/o modificaci\u00f3 de tot o part del contingut del Lloc Web, llevat d&#8217;autoritzaci\u00f3 pr\u00e8via i expressa de RAWDATA.<\/span><\/p>\n<p><span style=\"font-weight: 400;\">RAWDATA no concedeix cap llic\u00e8ncia o autoritzaci\u00f3 per utilitzar cap dels seus drets de propietat intel\u00b7lectual i industrial o qualsevol altra propietat o dret relacionat amb el Lloc Web i\/o els serveis o continguts del mateix.<\/span><\/p>\n<p><span style=\"font-weight: 400;\">L&#8217;Usuari es compromet a respectar els drets de Propietat Intel\u00b7lectual i Industrial titularitat de RAWDATA.<br \/>\nEs permet, en aquest sentit, la reproducci\u00f3 i emmagatzematge temporal dels continguts del Lloc Web mentre aix\u00f2 sigui estrictament necessari per a l&#8217;\u00fas i visualitzaci\u00f3 del Lloc Web des d&#8217;un ordinador\/Tablet o tel\u00e8fon personal. <\/span><\/p>\n<p><span style=\"font-weight: 400;\">La legitimitat dels drets de propietat intel\u00b7lectual o industrial sobre els continguts aportats pels Usuaris \u00e9s de l&#8217;exclusiva responsabilitat dels mateixos, que respondran davant qualsevol reclamaci\u00f3 de tercers derivada de l&#8217;\u00fas il\u00b7l\u00edcit dels continguts del Lloc Web.<\/span><\/p>\n<p><b>4.- Protecci\u00f3 de dades<\/b><\/p>\n<p><span style=\"font-weight: 400;\">L&#8217;\u00fas d&#8217;aquest Lloc Web pot requerir que els Usuaris proporcionin dades personals.<br \/>\nRAWDATA tracta aquest tipus d&#8217;informaci\u00f3 d&#8217;acord amb la legislaci\u00f3 aplicable, i la recull en la seva Pol\u00edtica de Privacitat <\/span><span style=\"font-weight: 400;\">.<\/span><\/p>\n<p><b>5.- Responsabilitat i Garanties<\/b><\/p>\n<p><span style=\"font-weight: 400;\">RAWDATA declara que ha adoptat totes les mesures necess\u00e0ries, dins de les seves possibilitats i tenint en compte l&#8217;estat actual de la tecnologia, per permetre el correcte funcionament i l&#8217;abs\u00e8ncia de virus i components danyosos al seu Lloc Web.<\/span><\/p>\n<p><span style=\"font-weight: 400;\">Tanmateix, RAWDATA no pot ser considerada responsable per:  <\/span><\/p>\n<ol>\n<li style=\"font-weight: 400;\" aria-level=\"1\"><span style=\"font-weight: 400;\">la veracitat, integritat o actualitzaci\u00f3 de les dades facilitades pels Usuaris;<\/span><\/li>\n<li style=\"font-weight: 400;\" aria-level=\"1\"><span style=\"font-weight: 400;\">la interrupci\u00f3 del funcionament del Lloc Web o fallades inform\u00e0tiques, avaries telef\u00f2niques, desconnexions, retards o bloquejos causats per defici\u00e8ncies o sobrec\u00e0rregues en les l\u00ednies telef\u00f2niques, centres de dades, en el sistema d&#8217;Internet o en altres sistemes electr\u00f2nics, produ\u00efts en el curs del seu funcionament;  <\/span><\/li>\n<li style=\"font-weight: 400;\" aria-level=\"1\"><span style=\"font-weight: 400;\">qualsevol dany causat per tercers que infringeixin o vulnerin els sistemes de seguretat de RAWDATA, sempre que RAWDATA hagi complert amb les seves obligacions de dilig\u00e8ncia deguda.<\/span><\/li>\n<\/ol>\n<p><span style=\"font-weight: 400;\">RAWDATA no es responsabilitza de l&#8217;\u00fas que els Usuaris puguin fer dels Continguts inclosos en el Lloc Web.<\/span><\/p>\n<p><b>6.- Durada i modificaci\u00f3<\/b><\/p>\n<p><span style=\"font-weight: 400;\">El present Av\u00eds Legal estar\u00e0 vigent amb car\u00e0cter indefinit, podent RAWDATA efectuar canvis sobre les condicions especificades en el mateix, i que entraran en vigor des del moment de la seva publicaci\u00f3.<\/span><\/p>\n<p><span style=\"font-weight: 400;\">RAWDATA podr\u00e0 suprimir, afegir o canviar tant els Continguts com els serveis que presta, aix\u00ed com tamb\u00e9 la forma en qu\u00e8 aquests apareguin localitzats o presentats.<br \/>\nS&#8217; entenen com a vigents, les condicions que estiguin publicades en el moment en qu\u00e8 l&#8217; Usuari accedeixi al Lloc Web de RAWDATA. <\/span><\/p>\n<p><b>7.- Hipervincles<\/b><\/p>\n<p><span style=\"font-weight: 400;\">RAWDATA informa l&#8217;usuari que, al seu coneixement els hipervincles inserits en la Lloc Web no s\u00f3n danyosos i el seu contingut \u00e9s correcte.<br \/>\nNo obstant aix\u00f2, en la mesura que el control d&#8217;aquests hipervincles no dep\u00e8n de RAWDATA, aquesta no pot assumir cap tipus de responsabilitat sobre les conseq\u00fc\u00e8ncies que tingui l&#8217;acc\u00e9s a enlla\u00e7os a altres aplicacions o llocs web. <\/span><\/p>\n<p><span style=\"font-weight: 400;\">En aquest sentit, RAWDATA no es fa responsable de la informaci\u00f3 continguda en aquests enlla\u00e7os de tercers ni de qualssevol efectes que poguessin derivar-se d&#8217; aquesta informaci\u00f3.  <\/span><\/p>\n<p><span style=\"font-weight: 400;\">La inclusi\u00f3 de vincles amb altres llocs web o aplicacions no implica l&#8217;aprovaci\u00f3 dels seus continguts per part de RAWDATA ni l&#8217;exist\u00e8ncia de cap tipus d&#8217;associaci\u00f3 entre RAWDATA i els seus titulars.<\/span><\/p>\n<p><span style=\"font-weight: 400;\">En conseq\u00fc\u00e8ncia, l&#8217; Usuari accedeix sota la seva exclusiva responsabilitat al Contingut i en les condicions d&#8217; \u00fas que hi regeixin.<\/span><\/p>\n<p><b>8.- Salvaguarda i interpretaci\u00f3<\/b><\/p>\n<p><span style=\"font-weight: 400;\">Aquest Av\u00eds Legal constitueix un acord entre cadascun dels Usuaris i RAWDATA.<\/span><\/p>\n<p><span style=\"font-weight: 400;\">Si l&#8217;autoritat competent declara que una disposici\u00f3 \u00e9s il\u00b7legal, inv\u00e0lida o inaplicable, aquesta declaraci\u00f3 respecte a una o diverses cl\u00e0usules s&#8217;entendr\u00e0 sense perjudici de la validesa de les altres cl\u00e0usules.  <\/span><\/p>\n<p><span style=\"font-weight: 400;\">El fet que RAWDATA no exigeixi el compliment estricte de cap de les disposicions del present Av\u00eds Legal no constitueix ni pot interpretar-se de cap manera com una ren\u00fancia de la seva part a exigir el compliment estricte en el futur.<\/span><\/p>\n<p><b>9.- Informaci\u00f3 General<\/b><\/p>\n<p><span style=\"font-weight: 400;\">RAWDATA perseguir\u00e0 l&#8217; incompliment del present Av\u00eds Legal, aix\u00ed com qualsevol utilitzaci\u00f3 indeguda del seu portal, exercint totes les accions civils i penals que li puguin correspondre en dret.<\/span><\/p>\n<p><b>10.- Notificacions<\/b><\/p>\n<p><span style=\"font-weight: 400;\">RAWDATA podr\u00e0 realitzar les oportunes comunicacions a trav\u00e9s de l&#8217;adre\u00e7a de correu electr\u00f2nic facilitada pels Usuaris en els formularis de registre o a trav\u00e9s de qualsevol altre mitj\u00e0 facilitat en les dades de contacte de l&#8217;Usuari.<\/span><\/p>\n\t\t\t\t\t\t\t\t<\/div>\n\t\t\t\t<\/div>\n\t\t\t\t\t<\/div>\n\t\t<\/div>\n\t\t\t\t\t<\/div>\n\t\t<\/section>\n\t\t\t\t<\/div>\n\t\t","protected":false},"excerpt":{"rendered":"<p>Av\u00eds Legal 1.- Dret de la informaci\u00f3 L&#8217;informem que aquest Lloc Web https:\/\/agrawdata.com\/ (en endavant, el &#8220;Lloc Web&#8220;), \u00e9s titularitat de RAW DATA SL (en endavant, &#8220;RAWDATA&#8221;), amb N.I.F B67275883, i domicili social a Passeig Ronda, n\u00famero 9, planta 1, porta 2, 08100, Mollet Val (Barcelona), inscrita al Registre Mercantil de Barcelona Tomo 46544, Foli [&hellip;]<\/p>\n","protected":false},"author":1,"featured_media":0,"parent":0,"menu_order":0,"comment_status":"closed","ping_status":"closed","template":"","meta":{"_acf_changed":false,"content-type":"","footnotes":""},"class_list":["post-34256","page","type-page","status-publish","hentry"],"acf":[],"_links":{"self":[{"href":"https:\/\/agrawdata.com\/ca\/wp-json\/wp\/v2\/pages\/34256","targetHints":{"allow":["GET"]}}],"collection":[{"href":"https:\/\/agrawdata.com\/ca\/wp-json\/wp\/v2\/pages"}],"about":[{"href":"https:\/\/agrawdata.com\/ca\/wp-json\/wp\/v2\/types\/page"}],"author":[{"embeddable":true,"href":"https:\/\/agrawdata.com\/ca\/wp-json\/wp\/v2\/users\/1"}],"replies":[{"embeddable":true,"href":"https:\/\/agrawdata.com\/ca\/wp-json\/wp\/v2\/comments?post=34256"}],"version-history":[{"count":2,"href":"https:\/\/agrawdata.com\/ca\/wp-json\/wp\/v2\/pages\/34256\/revisions"}],"predecessor-version":[{"id":34262,"href":"https:\/\/agrawdata.com\/ca\/wp-json\/wp\/v2\/pages\/34256\/revisions\/34262"}],"wp:attachment":[{"href":"https:\/\/agrawdata.com\/ca\/wp-json\/wp\/v2\/media?parent=34256"}],"curies":[{"name":"wp","href":"https:\/\/api.w.org\/{rel}","templated":true}]}}