{"id":34916,"date":"2019-02-16T19:09:57","date_gmt":"2019-02-16T18:09:57","guid":{"rendered":"https:\/\/agrawdata.com\/politica-de-privacitat\/"},"modified":"2026-03-11T09:33:57","modified_gmt":"2026-03-11T08:33:57","slug":"politica-de-privacitat","status":"publish","type":"page","link":"https:\/\/agrawdata.com\/ca\/politica-de-privacitat\/","title":{"rendered":"Pol\u00edtica de privacitat"},"content":{"rendered":"\t\t<div data-elementor-type=\"wp-page\" data-elementor-id=\"34916\" class=\"elementor elementor-34916 elementor-3\" data-elementor-post-type=\"page\">\n\t\t\t\t\t\t<section class=\"elementor-section elementor-top-section elementor-element elementor-element-ab71df0 elementor-section-boxed elementor-section-height-default elementor-section-height-default\" data-id=\"ab71df0\" data-element_type=\"section\" data-e-type=\"section\">\n\t\t\t\t\t\t<div class=\"elementor-container elementor-column-gap-default\">\n\t\t\t\t\t<div class=\"elementor-column elementor-col-100 elementor-top-column elementor-element elementor-element-42658bf\" data-id=\"42658bf\" data-element_type=\"column\" data-e-type=\"column\">\n\t\t\t<div class=\"elementor-widget-wrap elementor-element-populated\">\n\t\t\t\t\t\t<div class=\"elementor-element elementor-element-fd08562 elementor-widget elementor-widget-heading\" data-id=\"fd08562\" data-element_type=\"widget\" data-e-type=\"widget\" data-widget_type=\"heading.default\">\n\t\t\t\t<div class=\"elementor-widget-container\">\n\t\t\t\t\t<h2 class=\"elementor-heading-title elementor-size-default\">Pol\u00edtica de privacitat<\/h2>\t\t\t\t<\/div>\n\t\t\t\t<\/div>\n\t\t\t\t<div class=\"elementor-element elementor-element-7d1f338 elementor-widget__width-initial elementor-widget elementor-widget-text-editor\" data-id=\"7d1f338\" data-element_type=\"widget\" data-e-type=\"widget\" data-widget_type=\"text-editor.default\">\n\t\t\t\t<div class=\"elementor-widget-container\">\n\t\t\t\t\t\t\t\t\t<p><b>1.- Qui \u00e9s el responsable del tractament de les seves dades?<\/b><\/p>\n<p><span style=\"font-weight: 400;\">El responsable del tractament de les seves dades personals \u00e9s RAW DATA SL (en endavant, <\/span><b><i>&#8220;RAWDATA&#8221;)<\/i><\/b><span style=\"font-weight: 400;\">, amb N.I.F B67275883, i domicili social a Passeig Ronda, n\u00famero 9, planta 1, porta 2, 08100, Mollet Val (Barcelona).<\/span><\/p>\n<p><span style=\"font-weight: 400;\">La present Pol\u00edtica de Privacitat regula l&#8217;acc\u00e9s i l&#8217;\u00fas del Lloc Web de RAWDATA (en endavant, el &#8220;<\/span><b><i>Lloc Web&#8221;) <\/i><\/b><span style=\"font-weight: 400;\">que RAWDATA posa a disposici\u00f3 dels usuaris d&#8217;Internet (en endavant, els &#8220;<\/span><b><i>Usuaris<\/i><\/b><span style=\"font-weight: 400;\">&#8220;) interessats en els continguts (en endavant, els &#8220;<\/span><b><i>Continguts<\/i><\/b><span style=\"font-weight: 400;\">&#8220;) i els serveis (en endavant, els &#8220;<\/span><b><i>Serveis<\/i><\/b><span style=\"font-weight: 400;\">&#8220;) oferts per RAWDATA en els mateixos.<\/span><\/p>\n<p><span style=\"font-weight: 400;\">Correu electr\u00f2nic de contacte <\/span><a href=\"mailto:lopd@agrawdata.com\"><span style=\"font-weight: 400;\">lopd@agrawdata.com<\/span><\/a><span style=\"font-weight: 400;\">.<\/span><\/p>\n<p><b>2.- Recomanacions<\/b><\/p>\n<p><span style=\"font-weight: 400;\">Per favor, llegeixi atentament i segueixi les seg\u00fcents recomanacions:<\/span><\/p>\n<ul>\n<li style=\"font-weight: 400;\" aria-level=\"1\"><span style=\"font-weight: 400;\">Mantingui el seu equip equipat amb programari antivirus degudament actualitzat contra programari malici\u00f3s i aplicacions de spyware que puguin posar en perill la seva navegaci\u00f3 per Internet i la informaci\u00f3 allotjada en el seu equip.<\/span><\/li>\n<li style=\"font-weight: 400;\" aria-level=\"1\"><span style=\"font-weight: 400;\">Llegiu i revisi aquesta Pol\u00edtica de Privacitat i tots els textos legals posats a disposici\u00f3 per RAWDATA al Lloc Web.<\/span><\/li>\n<\/ul>\n<p><b>3.- Informaci\u00f3 sobre les dades que RAWDATA recopila a trav\u00e9s del Lloc Web i App pr\u00f2pia<\/b><\/p>\n<p><span style=\"font-weight: 400;\">Per al correcte funcionament del Lloc Web, RAWDATA pot tenir acc\u00e9s a les seg\u00fcents dades facilitades, si s&#8217;escau, per part d&#8217;Usuari:<\/span><\/p>\n<ol>\n<li style=\"font-weight: 400;\" aria-level=\"1\"><span style=\"font-weight: 400;\">Dades d&#8217; identificaci\u00f3: nom, cognoms.<\/span><\/li>\n<li style=\"font-weight: 400;\" aria-level=\"1\"><span style=\"font-weight: 400;\">Dades de contacte: email, tel\u00e8fon, adre\u00e7a postal.<\/span><\/li>\n<li style=\"font-weight: 400;\" aria-level=\"1\"><span style=\"font-weight: 400;\">Dades banc\u00e0ries: informaci\u00f3 de pagament necessari per processar transaccions.<\/span><\/li>\n<li data-start=\"713\" data-end=\"990\">\n<p data-start=\"715\" data-end=\"990\"><span data-start=\"845\" data-end=\"868\" style=\"background-color: transparent; font-family: -apple-system, BlinkMacSystemFont, \"Segoe UI\", Roboto, \"Helvetica Neue\", Arial, \"Noto Sans\", sans-serif, \"Apple Color Emoji\", \"Segoe UI Emoji\", \"Segoe UI Symbol\", \"Noto Color Emoji\";\">Dades d&#8217; ubicaci\u00f3:<\/span><span style=\"background-color: transparent; font-family: -apple-system, BlinkMacSystemFont, \"Segoe UI\", Roboto, \"Helvetica Neue\", Arial, \"Noto Sans\", sans-serif, \"Apple Color Emoji\", \"Segoe UI Emoji\", \"Segoe UI Symbol\", \"Noto Color Emoji\";\"> <\/span><span style=\"background-color: transparent; font-family: -apple-system, BlinkMacSystemFont, \"Segoe UI\", Roboto, \"Helvetica Neue\", Arial, \"Noto Sans\", sans-serif, \"Apple Color Emoji\", \"Segoe UI Emoji\", \"Segoe UI Symbol\", \"Noto Color Emoji\";\">informaci\u00f3 geogr\u00e0fica del dispositiu de l&#8217; Usuari obtinguda en el moment de realitzar un fitxatge, sempre que l&#8217; Usuari hagi atorgat pr\u00e8viament el seu consentiment expr\u00e9s mitjan\u00e7ant l&#8217; activaci\u00f3 del perm\u00eds corresponent en el seu dispositiu. <\/span><span style=\"background-color: transparent; font-family: -apple-system, BlinkMacSystemFont, \"Segoe UI\", Roboto, \"Helvetica Neue\", Arial, \"Noto Sans\", sans-serif, \"Apple Color Emoji\", \"Segoe UI Emoji\", \"Segoe UI Symbol\", \"Noto Color Emoji\";\">La ubicaci\u00f3<\/span><span style=\"background-color: transparent; font-family: -apple-system, BlinkMacSystemFont, \"Segoe UI\", Roboto, \"Helvetica Neue\", Arial, \"Noto Sans\", sans-serif, \"Apple Color Emoji\", \"Segoe UI Emoji\", \"Segoe UI Symbol\", \"Noto Color Emoji\";\"> <\/span><span data-start=\"1141\" data-end=\"1178\" style=\"background-color: transparent; font-family: -apple-system, BlinkMacSystemFont, \"Segoe UI\", Roboto, \"Helvetica Neue\", Arial, \"Noto Sans\", sans-serif, \"Apple Color Emoji\", \"Segoe UI Emoji\", \"Segoe UI Symbol\", \"Noto Color Emoji\";\">no ser\u00e0 recopilada ni transmesa<\/span><span style=\"background-color: transparent; font-family: -apple-system, BlinkMacSystemFont, \"Segoe UI\", Roboto, \"Helvetica Neue\", Arial, \"Noto Sans\", sans-serif, \"Apple Color Emoji\", \"Segoe UI Emoji\", \"Segoe UI Symbol\", \"Noto Color Emoji\";\"> <\/span><span style=\"background-color: transparent; font-family: -apple-system, BlinkMacSystemFont, \"Segoe UI\", Roboto, \"Helvetica Neue\", Arial, \"Noto Sans\", sans-serif, \"Apple Color Emoji\", \"Segoe UI Emoji\", \"Segoe UI Symbol\", \"Noto Color Emoji\";\">si l&#8217; Usuari no concedeix aquest perm\u00eds.<\/span><\/p>\n<\/li>\n<\/ol><div>La funcionalitat de geolocalitzaci\u00f3 \u00e9s opcional. L&#8217; Usuari pot activar o desactivar el perm\u00eds d&#8217; ubicaci\u00f3 en qualsevol moment des de la configuraci\u00f3 del seu dispositiu, sense que aix\u00f2 afecti la resta de funcionalitats de l&#8217; aplicaci\u00f3, llevat d&#8217; aquelles que requereixin verificaci\u00f3 d&#8217; ubicaci\u00f3 per al fitxatge. <\/div><div><br><\/div>\n<p><b>4.- Per qu\u00e8 RAWDATA est\u00e0 legitimada per processar les seves dades?<\/b><\/p>\n<p><span style=\"font-weight: 400;\">La base de legitimaci\u00f3 de RAWDATA per dur a terme el tractament de les dades dels Usuaris a trav\u00e9s del Lloc Web ser\u00e0 el consentiment atorgat per l&#8217;interessat en omplir el formulari de contacte, de conformitat amb l&#8217;article 6.1 a) del RGPD. Per tant, acceptant la present Pol\u00edtica de Privacitat i marcant les caselles corresponents, l&#8217;Usuari presta el seu consentiment per a aquest tractament. &nbsp;&nbsp;<\/span><\/p>\n<p><span style=\"font-weight: 400;\">En el cas de la tramesa de comunicacions comercials, la legitimaci\u00f3 per a aquest tractament ser\u00e0 el consentiment en aquells casos en qu\u00e8 s&#8217; hagi proporcionat per a aquesta finalitat, amb base a aquest de conformitat amb l&#8217; article 6.1.a) del RGPD.<\/span><\/p>\n<p><span style=\"font-weight: 400;\">Acceptant la present Pol\u00edtica de Privacitat i marcant les caselles corresponents l&#8217;Usuari declara haver llegit i con\u00e8ixer la Pol\u00edtica de Privacitat de RAWDATA.&nbsp;<\/span><\/p>\n<p><span style=\"font-weight: 400;\">RAWDATA es pren molt en serio la protecci\u00f3 de la seva privacitat i les seves dades personals. Per aquesta ra\u00f3, les seves dades personals es conserven de forma segura i es tracten amb la m\u00e0xima cura, de conformitat amb les disposicions del Reglament (UE) 2016\/679 del Parlament Europeu i del Consell, de 27 d&#8217;abril de 2016, relatiu a la protecci\u00f3 de les persones f\u00edsiques pel que fa al tractament de dades personals i a la lliure circulaci\u00f3 d&#8217;aquestes dades (el &#8220;Reglament general de protecci\u00f3 de dades&#8221; o   <\/span><b>&#8220;Reglament de protecci\u00f3 de dades&#8221; <\/b><span style=\"font-weight: 400;\">o <\/span><b>&#8220;RGPD&#8221;<\/b><span style=\"font-weight: 400;\">).<\/span><\/p>\n<p><span style=\"font-weight: 400;\">La present Pol\u00edtica de Privacitat regula l&#8217;acc\u00e9s i l&#8217;\u00fas del servei que RAWDATA posa a disposici\u00f3 de l&#8217;Usuari interessat en els serveis i continguts allotjats al Lloc Web.&nbsp;<\/span><\/p>\n<p><span style=\"font-weight: 400;\">Pel que fa a aquest punt, l&#8217;Usuari podr\u00e0 retirar el seu consentiment en qualsevol moment manant un missatge a la seg\u00fcent adre\u00e7a de correu electr\u00f2nic: <\/span><a href=\"mailto:lopd@agrawdata.com\"><span style=\"font-weight: 400;\">lopd@agrawdata.com<\/span><\/a><span style=\"font-weight: 400;\"> sense que aix\u00f2 afecti la licitud del tractament basat en el consentiment previ a la seva retirada.<\/span><\/p>\n<p><b>5.- Quines s\u00f3n les finalitats del tractament de les seves dades personals?<\/b><\/p>\n<p><span style=\"font-weight: 400;\">Les seves dades de car\u00e0cter personal recaptades per RAWDATA podran ser utilitzades per a les seg\u00fcents finalitats, segons el consentiment atorgat en el formulari de registre corresponent:&nbsp;<\/span><\/p>\n<ol>\n<li style=\"font-weight: 400;\" aria-level=\"1\"><span style=\"font-weight: 400;\">Prestar els serveis oferts a trav\u00e9s del Lloc Web i app.&nbsp;<\/span><\/li>\n<li style=\"font-weight: 400;\" aria-level=\"1\"><span style=\"font-weight: 400;\">Gestionar, tramitar i donar resposta a peticions, sol\u00b7licituds, incid\u00e8ncies o consultes de l&#8217;Usuari.<\/span><\/li>\n<li style=\"font-weight: 400;\" aria-level=\"1\"><span style=\"font-weight: 400;\">El pagament dels serveis rebuts a trav\u00e9s de l&#8217;acc\u00e9s al Lloc Web i app<\/span><\/li>\n<li style=\"font-weight: 400;\" aria-level=\"1\"><span style=\"font-weight: 400;\">Rebre per carta, tel\u00e8fon, correu electr\u00f2nic, SMS\/MMS, o per altres mitjans de comunicaci\u00f3 electr\u00f2nica equivalents, comunicacions comercials o informaci\u00f3 sobre productes i serveis de RAWDATA.<\/span><\/li>\n<\/ol>\n<p><b>6.- Veracitat de les dades facilitades pels Usuaris<\/b><\/p>\n<p><span style=\"font-weight: 400;\">L&#8217;Usuari garanteix la veracitat de les dades personals facilitades i es compromet a comunicar a RAWDATA qualsevol modificaci\u00f3 dels mateixos. L&#8217;Usuari respondr\u00e0, en qualsevol cas, de la veracitat de les dades facilitades, reservant-se RAWDATA el dret a excloure dels serveis a tot Usuari que hagi facilitat dades falses, sense perjudici de les altres accions que procedeixin en Dret. <\/span><\/p>\n<p><span style=\"font-weight: 400;\">Es recomana que els Usuaris protegeixin les seves dades amb la m\u00e0xima dilig\u00e8ncia utilitzant les eines de seguretat adequades. RAWDATA no ser\u00e0 responsable de cap robatori, modificaci\u00f3 il\u00b7legal o p\u00e8rdua de dades. <\/span><\/p>\n<p><span style=\"font-weight: 400;\">Qualsevol modificaci\u00f3 o actualitzaci\u00f3 de les dades haur\u00e0 de ser comunicada a RAWDATA a trav\u00e9s dels mitjans de comunicaci\u00f3 previstos en la present Pol\u00edtica de Privacitat.<\/span><\/p>\n<p><b>7.- Conservaci\u00f3 de dades&nbsp;<\/b><\/p>\n<p><span style=\"font-weight: 400;\">La protecci\u00f3 de la privacitat i de les dades personals dels Usuaris \u00e9s molt important per a RAWDATA. Per tant, RAWDATA fa tot el possible per evitar que les dades de l&#8217;Usuari siguin utilitzades de manera inadequada. Nom\u00e9s el personal autoritzat t\u00e9 acc\u00e9s a les dades de l&#8217; Usuari.  <\/span><\/p>\n<p><span style=\"font-weight: 400;\">Les dades personals de l&#8217;Usuari es conservaran mentre romanguin els mateixos a la base de dades de RAWDATA per a les finalitats del tractament per a les quals han estat facilitades, sempre que l&#8217;Usuari no hagi revocat el seu consentiment, sol\u00b7licitant l&#8217;eliminaci\u00f3 del seu compte o l&#8217;esborrat de determinades dades personals del Lloc Web. Posteriorment, en cas de ser necessari, RAWDATA mantindr\u00e0 la informaci\u00f3 bloquejada els terminis legalment establerts. <\/span><\/p>\n<p><span style=\"font-weight: 400;\">RAWDATA es compromet al compliment de la seva obligaci\u00f3 de secret i confidencialitat de les dades de car\u00e0cter personal conforme al que disposa la legislaci\u00f3 aplicable.&nbsp;<\/span><\/p>\n<p><b>8.- Drets dels usuaris<\/b><\/p>\n<p><span style=\"font-weight: 400;\">Els usuaris tenen dret a:<\/span><\/p>\n<ol>\n<li style=\"font-weight: 400;\" aria-level=\"1\"><b>Accedir<\/b><span style=\"font-weight: 400;\"> a les seves dades personals; <\/span><\/li>\n<li style=\"font-weight: 400;\" aria-level=\"1\"><span style=\"font-weight: 400;\">Sol\u00b7licitar la <\/span><b>rectificaci\u00f3<\/b><span style=\"font-weight: 400;\"> de qualsevol dada inexacte; <\/span><\/li>\n<li style=\"font-weight: 400;\" aria-level=\"1\"><span style=\"font-weight: 400;\">Sol\u00b7licitar la <\/span><b>supressi\u00f3<\/b><span style=\"font-weight: 400;\"> de les seves dades; <\/span><\/li>\n<li style=\"font-weight: 400;\" aria-level=\"1\"><span style=\"font-weight: 400;\">Sol\u00b7licitar que es <\/span><b>limiti el tractament<\/b><span style=\"font-weight: 400;\"> de les seves dades; <\/span><\/li>\n<li style=\"font-weight: 400;\" aria-level=\"1\"><b>Oposar-se<\/b><span style=\"font-weight: 400;\"> al tractament de les seves dades; <\/span><\/li>\n<li style=\"font-weight: 400;\" aria-level=\"1\"><span style=\"font-weight: 400;\">Sol\u00b7licitar la <\/span><b>portabilitat<\/b><span style=\"font-weight: 400;\"> de les seves dades. <\/span><\/li>\n<li style=\"font-weight: 400;\" aria-level=\"1\"><span style=\"font-weight: 400;\">Aix\u00ed mateix, els Usuaris tindran dret a <\/span><b>no ser objecte de decisions basades \u00fanicament en el tractament automatitzat de dades.<\/b><\/li>\n<\/ol>\n<p><span style=\"font-weight: 400;\">L&#8217;Usuari pot exercir tots aquests drets a la seg\u00fcent adre\u00e7a de correu electr\u00f2nic: <\/span><a href=\"mailto:lopd@agrawdata.com\"><span style=\"font-weight: 400;\">lopd@agrawdata.com<\/span><\/a><span style=\"font-weight: 400;\"> indicant el motiu de la seva petici\u00f3. <\/span><\/p>\n<p><span style=\"font-weight: 400;\">L&#8217;Usuari pot tamb\u00e9 enviar la seva petici\u00f3 per correu ordinari a la seg\u00fcent adre\u00e7a: Passeig Ronda, n\u00famero 9, planta 1, porta 2, 08100, Mollet Val (Barcelona).<\/span><\/p>\n<p><span style=\"font-weight: 400;\">La comunicaci\u00f3 adre\u00e7ada a RAWDATA haur\u00e0 de contenir la seg\u00fcent informaci\u00f3:<\/span><\/p>\n<ul>\n<li style=\"font-weight: 400;\" aria-level=\"1\"><span style=\"font-weight: 400;\">Nom i cognoms de l&#8217;Usuari;&nbsp;<\/span><\/li>\n<li style=\"font-weight: 400;\" aria-level=\"1\"><span style=\"font-weight: 400;\">Petici\u00f3 en qu\u00e8 es concreta la sol\u00b7licitud.<\/span><\/li>\n<\/ul>\n<p><span style=\"font-weight: 400;\">Sense perjudici de qualsevol altre recurs administratiu o acci\u00f3 judicial, l&#8217; Usuari tindr\u00e0 dret a presentar una reclamaci\u00f3 davant una Autoritat de Control, en particular a l&#8217; Estat membre en el qual tingui la seva resid\u00e8ncia habitual, lloc de treball o lloc de la suposada infracci\u00f3, en cas que consideri que el tractament de les seves dades personals no \u00e9s adequat a la normativa,  aix\u00ed com en el cas de no veure satisfet l&#8217;exercici dels seus drets. L&#8217; autoritat de control davant la qual s&#8217; hagi presentat la reclamaci\u00f3 informar\u00e0 el reclamant sobre el curs i el resultat de la reclamaci\u00f3. <\/span><\/p>\n<p><b>9.- Seguretat de dades<\/b><\/p>\n<p><span style=\"font-weight: 400;\">La protecci\u00f3 de la privacitat i de les dades personals dels Usuaris \u00e9s molt important per a RAWDATA. Per aix\u00f2, RAWDATA ha pres totes les mesures al seu abast per evitar que les seves dades siguin utilitzades de forma indeguda, permetent-ne l&#8217;acc\u00e9s \u00fanicament al personal autoritzat. <\/span><\/p>\n<p><span style=\"font-weight: 400;\">RAWDATA mant\u00e9 la seguretat adequada per a la protecci\u00f3 de les dades personals d&#8217;acord amb la legislaci\u00f3 aplicable i ha establert tots els mitjans t\u00e8cnics al seu abast per evitar la p\u00e8rdua, mal \u00fas, alteraci\u00f3, acc\u00e9s no autoritzat i robatori de les dades facilitades per l&#8217;Usuari a trav\u00e9s del Lloc Web, sense perjudici d&#8217;informar-lo que les mesures de seguretat a Internet no s\u00f3n inexpugnables.<\/span><\/p>\n<p><span style=\"font-weight: 400;\">RAWDATA es compromet a complir amb el deure de secret i confidencialitat respecte a les dades de car\u00e0cter personal d&#8217; acord amb la legislaci\u00f3 aplicable.<\/span><\/p>\n<p><span style=\"font-weight: 400;\">RAWDATA no ser\u00e0 responsable dels danys i perjudicis que poguessin derivar-se de l&#8217;incompliment d&#8217;aquesta obligaci\u00f3 per part de l&#8217;Usuari.<\/span><\/p>\n<p><b>10.- Transfer\u00e8ncies i\/o cessions a tercers&nbsp;<\/b><\/p>\n<p><span style=\"font-weight: 400;\">S&#8217; informa l&#8217; Usuari que les seves dades de car\u00e0cter personal no seran cedides a terceres empreses o entitats nacionals sense el consentiment previ per part de l&#8217; usuari.&nbsp;<\/span><\/p>\n<p><span style=\"font-weight: 400;\">Llevat d&#8217; acord en contrari de forma expressa, es garanteix que les dades dels Usuaris \u00fanicament podran ser utilitzades per RAWDATA per a qualsevol \u00fas que serveixi per complir correctament amb les finalitats del tractament de dades de car\u00e0cter personal recollides en el punt 5 d&#8217; aquesta Pol\u00edtica de Privacitat.&nbsp;<\/span><\/p>\n<p><b>11.- Preguntes<\/b><\/p>\n<p><span style=\"font-weight: 400;\">Si t\u00e9 algun dubte sobre la nostra Pol\u00edtica de Privacitat o el tractament de les seves dades, poseu-se en contacte amb nosaltres enviant un correu electr\u00f2nic a <\/span><a href=\"mailto:lopd@agrawdata.com\"><span style=\"font-weight: 400;\">lopd@agrawdata.com<\/span><\/a><span style=\"font-weight: 400;\">.<\/span><\/p>\n<p><span style=\"font-weight: 400;\">Aix\u00ed mateix, si considera que els seus drets no estan degudament salvaguardats, t\u00e9 dret a presentar una reclamaci\u00f3 davant l&#8217;Ag\u00e8ncia Espanyola de Protecci\u00f3 de Dades, les dades de contacte de la qual s\u00f3n: tel\u00e8fons 900 293 183; adre\u00e7a postal C\/Jorge Juan 6, 28001 Madrid; oficina electr\u00f2nica <\/span><a href=\"https:\/\/sedeagpd.gob.es\/sede-electronica-web\/\" target=\"_blank\" rel=\"noopener\"><span style=\"font-weight: 400;\">https:\/\/sedeagpd.gob.es\/sede-electronica-web\/<\/span><\/a><span style=\"font-weight: 400;\"> i Sol\u00b7licitud <\/span><a href=\"http:\/\/www.agpd.es\/\" target=\"_blank\" rel=\"noopener\"><span style=\"font-weight: 400;\">www.agpd.es<\/span><\/a><\/p>\n<p><b>12.- Acceptaci\u00f3 i Consentiment<\/b><\/p>\n<p><span style=\"font-weight: 400;\">L&#8217;Usuari declara haver estat informat de les condicions sobre protecci\u00f3 de dades personals, acceptant i consentint el tractament dels mateixos per part de RAWDATA, en la forma i per a les finalitats indicades en la present Pol\u00edtica de Privacitat.<\/span><\/p>\t\t\t\t\t\t\t\t<\/div>\n\t\t\t\t<\/div>\n\t\t\t\t\t<\/div>\n\t\t<\/div>\n\t\t\t\t\t<\/div>\n\t\t<\/section>\n\t\t\t\t<section class=\"elementor-section elementor-top-section elementor-element elementor-element-789a3b04 elementor-section-boxed elementor-section-height-default elementor-section-height-default\" data-id=\"789a3b04\" data-element_type=\"section\" data-e-type=\"section\">\n\t\t\t\t\t\t<div class=\"elementor-container elementor-column-gap-default\">\n\t\t\t\t\t<div class=\"elementor-column elementor-col-100 elementor-top-column elementor-element elementor-element-685297cb\" data-id=\"685297cb\" data-element_type=\"column\" data-e-type=\"column\">\n\t\t\t<div class=\"elementor-widget-wrap elementor-element-populated\">\n\t\t\t\t\t\t\t<\/div>\n\t\t<\/div>\n\t\t\t\t\t<\/div>\n\t\t<\/section>\n\t\t\t\t<\/div>\n\t\t","protected":false},"excerpt":{"rendered":"<p>Pol\u00edtica de privacitat 1.- Qui \u00e9s el responsable del tractament de les seves dades? El responsable del tractament de les seves dades personals \u00e9s RAW DATA SL (en endavant, &#8220;RAWDATA&#8221;), amb N.I.F B67275883, i domicili social a Passeig Ronda, n\u00famero 9, planta 1, porta 2, 08100, Mollet Val (Barcelona). La present Pol\u00edtica de Privacitat regula [&hellip;]<\/p>\n","protected":false},"author":1,"featured_media":0,"parent":0,"menu_order":0,"comment_status":"closed","ping_status":"closed","template":"","meta":{"_acf_changed":false,"content-type":"","footnotes":""},"class_list":["post-34916","page","type-page","status-publish","hentry"],"acf":[],"_links":{"self":[{"href":"https:\/\/agrawdata.com\/ca\/wp-json\/wp\/v2\/pages\/34916","targetHints":{"allow":["GET"]}}],"collection":[{"href":"https:\/\/agrawdata.com\/ca\/wp-json\/wp\/v2\/pages"}],"about":[{"href":"https:\/\/agrawdata.com\/ca\/wp-json\/wp\/v2\/types\/page"}],"author":[{"embeddable":true,"href":"https:\/\/agrawdata.com\/ca\/wp-json\/wp\/v2\/users\/1"}],"replies":[{"embeddable":true,"href":"https:\/\/agrawdata.com\/ca\/wp-json\/wp\/v2\/comments?post=34916"}],"version-history":[{"count":2,"href":"https:\/\/agrawdata.com\/ca\/wp-json\/wp\/v2\/pages\/34916\/revisions"}],"predecessor-version":[{"id":53713,"href":"https:\/\/agrawdata.com\/ca\/wp-json\/wp\/v2\/pages\/34916\/revisions\/53713"}],"wp:attachment":[{"href":"https:\/\/agrawdata.com\/ca\/wp-json\/wp\/v2\/media?parent=34916"}],"curies":[{"name":"wp","href":"https:\/\/api.w.org\/{rel}","templated":true}]}}