{"id":34918,"date":"2019-03-31T21:13:13","date_gmt":"2019-03-31T19:13:13","guid":{"rendered":"https:\/\/agrawdata.com\/politica-de-cookies\/"},"modified":"2024-09-05T16:24:23","modified_gmt":"2024-09-05T14:24:23","slug":"politica-de-cookies","status":"publish","type":"page","link":"https:\/\/agrawdata.com\/ca\/politica-de-cookies\/","title":{"rendered":"Pol\u00edtica de cookies"},"content":{"rendered":"\t\t<div data-elementor-type=\"wp-page\" data-elementor-id=\"34918\" class=\"elementor elementor-34918 elementor-1127\" data-elementor-post-type=\"page\">\n\t\t\t\t\t\t<section class=\"elementor-section elementor-top-section elementor-element elementor-element-7eea7c0a elementor-section-boxed elementor-section-height-default elementor-section-height-default\" data-id=\"7eea7c0a\" data-element_type=\"section\" data-e-type=\"section\">\n\t\t\t\t\t\t<div class=\"elementor-container elementor-column-gap-default\">\n\t\t\t\t\t<div class=\"elementor-column elementor-col-100 elementor-top-column elementor-element elementor-element-4f12b268\" data-id=\"4f12b268\" data-element_type=\"column\" data-e-type=\"column\">\n\t\t\t<div class=\"elementor-widget-wrap elementor-element-populated\">\n\t\t\t\t\t\t<div class=\"elementor-element elementor-element-8269bee elementor-widget elementor-widget-heading\" data-id=\"8269bee\" data-element_type=\"widget\" data-e-type=\"widget\" data-widget_type=\"heading.default\">\n\t\t\t\t<div class=\"elementor-widget-container\">\n\t\t\t\t\t<h2 class=\"elementor-heading-title elementor-size-default\">Pol\u00edtica de cookies<\/h2>\t\t\t\t<\/div>\n\t\t\t\t<\/div>\n\t\t\t\t<div class=\"elementor-element elementor-element-793c778d elementor-widget elementor-widget-text-editor\" data-id=\"793c778d\" data-element_type=\"widget\" data-e-type=\"widget\" data-widget_type=\"text-editor.default\">\n\t\t\t\t<div class=\"elementor-widget-container\">\n\t\t\t\t\t\t\t\t\t<p><span style=\"font-weight: 400;\">RAW DATA S.L. (d&#8217;ara endavant, \u201c<\/span><b><i>RAWDATA <\/i><\/b><span style=\"font-weight: 400;\">\u201d) informa, a trav\u00e9s de la present Pol\u00edtica de Cookies, sobre la utilitzaci\u00f3 de dispositius d&#8217;emmagatzematge i recuperaci\u00f3 de dades en equips terminals dels Usuaris.<\/span><\/p>\n<p><b>1.- Qu\u00e8 s\u00f3n les cookies?<\/b><\/p>\n<p><span style=\"font-weight: 400;\">Aquest Lloc web utilitza cookies i\/o tecnologies similars que emmagatzemen i recuperen informaci\u00f3 quan navegues. En general, aquestes tecnologies poden servir per a finalitats molt diverses, com, per exemple, recon\u00e8ixer-te com a Usuari, obtenir informaci\u00f3 sobre els teus h\u00e0bits de navegaci\u00f3, o personalitzar la forma en qu\u00e8 es mostra el contingut. Els usos concrets que fem d&#8217;aquestes tecnologies es descriuen en l&#8217;apartat \u201cPer a qu\u00e8 utilitza RAWDATA cookies?\u201d<\/span><\/p>\n<\/p>\n<p><span style=\"font-weight: 400;\">La informaci\u00f3 recollida per les cookies \u00e9s an\u00f2nima i no cont\u00e9 cap informaci\u00f3 sensible, ja que no recullen dades que puguin identificar personalment a l&#8217;Usuari. En qualsevol cas, l&#8217;Usuari podr\u00e0 accedir a la configuraci\u00f3 del seu navegador per a modificar i\/o bloquejar la instal\u00b7laci\u00f3 de les cookies enviades des del Lloc web, sense que aix\u00f2 impedeixi a l&#8217;acc\u00e9s als continguts tal com es descriu en els apartats \u201cCom deshabilitar les cookies?\u201d i<\/span> <span style=\"font-weight: 400;\">\u201cCookies en els dispositius m\u00f2bils\u201d de la present Pol\u00edtica de Cookies.<\/span><\/p>\n<p><b>2.- Per a qu\u00e8 utilitza RAWDATA les cookies?<\/b><\/p>\n<p><span style=\"font-weight: 400;\">De conformitat amb l&#8217;article 22 de la Llei de Serveis de la Societat de la Informaci\u00f3 i Comer\u00e7 Electr\u00f2nic, aix\u00ed com en el Considerant (30) del Reglament General de Protecci\u00f3 de Dades (d&#8217;ara endavant, \u201c<\/span><b><i>RGPD<\/i><\/b><span style=\"font-weight: 400;\">\u201d), el present Lloc web utilitza cookies o altres dispositius d&#8217;emmagatzematge i recuperaci\u00f3 d&#8217;informaci\u00f3 per a realitzar un seguiment de les interaccions dels Usuaris amb els serveis oferts en el Lloc web.<\/span><\/p>\n<p><span style=\"font-weight: 400;\">Les cookies permeten recon\u00e8ixer el navegador d&#8217;un Usuari, aix\u00ed com el tipus de dispositiu des del qual s&#8217;accedeix al Lloc web, i s&#8217;utilitzen per a facilitar la pr\u00f2xima visita de l&#8217;Usuari i fer que le Lloc web resulti m\u00e9s \u00fatil. <\/span><\/p>\n<p><span style=\"font-weight: 400;\">RAWDATA utilitza les cookies per a:<\/span><\/p>\n<ol>\n<li style=\"font-weight: 400;\" aria-level=\"1\"><span style=\"font-weight: 400;\">Optimitzar la navegaci\u00f3 de l&#8217;Usuari mitjan\u00e7ant el seguiment de la sessi\u00f3.<\/span><\/li>\n<li style=\"font-weight: 400;\" aria-level=\"1\"><span style=\"font-weight: 400;\">Recopilar informaci\u00f3 per a optimitzar la navegaci\u00f3 i millorar el Lloc web.<\/span><\/li>\n<\/ol>\n<p><span style=\"font-weight: 400;\">El Lloc web utilitza els seg\u00fcents tipus de cookies:<\/span><\/p>\n<ul>\n<li style=\"font-weight: 400;\" aria-level=\"1\"><b>Obligat\u00f2ries o t\u00e8cniques<\/b><span style=\"font-weight: 400;\">: S\u00f3n aquelles estrictament necess\u00e0ries per a prestar un servei o contingut sol\u00b7licitat per l&#8217;Usuari. Aquestes s&#8217;encarreguen d&#8217;aspectes t\u00e8cnics com identificar registres i gestionar prefer\u00e8ncies d&#8217;eines en l&#8217;\u00fas, interacci\u00f3 i localitzaci\u00f3 de l&#8217;acc\u00e9s als continguts.<\/span><\/li>\n<\/ul>\n<ul>\n<li style=\"font-weight: 400;\" aria-level=\"1\"><b>De prefer\u00e8ncies o personalitzaci\u00f3<\/b><span style=\"font-weight: 400;\">: S\u00f3n aquelles que permeten recordar informaci\u00f3 perqu\u00e8 l&#8217;Usuari accedeixi al servei amb determinades caracter\u00edstiques que poden diferenciar la seva experi\u00e8ncia de la d&#8217;un altre usuari com, per exemple, l&#8217;idioma o la configuraci\u00f3 de la p\u00e0gina en funci\u00f3 del navegador utilitzat. <\/span><\/li>\n<\/ul>\n<ul>\n<li style=\"font-weight: 400;\" aria-level=\"1\"><b>Estad\u00edstiques\/anal\u00edtiques<\/b><span style=\"font-weight: 400;\">: S\u00f3n aquelles que, tractades per nosaltres o per tercers, ens permeten quantificar el nombre d&#8217;usuaris i aix\u00ed realitzar el mesurament an\u00e0lisi estad\u00edstica de la utilitzaci\u00f3 que fan els Usuaris del servei ofert. Per a aix\u00f2 s&#8217;analitza la seva navegaci\u00f3 en el Lloc web amb la finalitat de millorar l&#8217;oferta de productes o serveis que oferim. <\/span><\/li>\n<li style=\"font-weight: 400;\" aria-level=\"1\"><b>Publicit\u00e0ries<\/b><span style=\"font-weight: 400;\">: S\u00f3n aquelles que, tractades per nosaltres o per tercers, ens permeten analitzar els seus h\u00e0bits de navegaci\u00f3 en Internet perqu\u00e8 puguem mostrar-li publicitat relacionada amb el seu perfil de navegaci\u00f3. A continuaci\u00f3, es detallen les cookies publicit\u00e0ries que s&#8217;utilitzen en el Lloc web:<\/span><\/li>\n<\/ul>\n<p><span style=\"font-weight: 400;\"> <\/span><\/p>\n<p><b>4.- Com deshabilitar les cookies?<\/b><\/p>\n<p><span style=\"font-weight: 400;\">Aquelles cookies que no siguin obligat\u00f2ries per a la navegaci\u00f3 del present Lloc web podran deshabilitar-se en l&#8217;apartat \u201cConfigura les Cookies aqu\u00ed\u201d.<\/span><\/p>\n<p><span style=\"font-weight: 400;\">Aquests ajustos es troben al peu de p\u00e0gina del Lloc web. A m\u00e9s, tots els navegadors permeten fer canvis per a desactivar la configuraci\u00f3 de les cookies.<\/span><\/p>\n<p><span style=\"font-weight: 400;\">Aquest \u00e9s el motiu pel qual la majoria dels navegadors ofereixen la possibilitat d&#8217;administrar les cookies, per a obtenir un control m\u00e9s prec\u00eds sobre la privacitat.<\/span><\/p>\n<p><span style=\"font-weight: 400;\">Aquests ajustos estan situats en les \u201copcions\u201d o \u201cprefer\u00e8ncies\u201d del men\u00fa del seu navegador.<\/span><\/p>\n<p><span style=\"font-weight: 400;\">A continuaci\u00f3, podr\u00e0 trobar els links de cada navegador per a deshabilitar les cookies seguint les instruccions:<\/span><\/p>\n<ul>\n<li style=\"font-weight: 400;\" aria-level=\"1\"><b>Internet Explorer<\/b><span style=\"font-weight: 400;\"> (<\/span><a href=\"https:\/\/goo.gl\/iU2wh2\" target=\"_blank\" rel=\"noopener\"><span style=\"font-weight: 400;\">https:\/\/goo.gl\/iu2wh2<\/span><\/a><span style=\"font-weight: 400;\">) <\/span><\/li>\n<li style=\"font-weight: 400;\" aria-level=\"1\"><span style=\"font-weight: 400;\">En el men\u00fa d&#8217;eines, seleccionis \u201cOpcions d&#8217;Internet\u201d.<\/span><\/li>\n<li style=\"font-weight: 400;\" aria-level=\"1\"><span style=\"font-weight: 400;\">Faci clic en la pestanya de privacitat.<\/span><\/li>\n<li style=\"font-weight: 400;\" aria-level=\"1\"><span style=\"font-weight: 400;\">Podr\u00e0 eliminar les cookies si selecciona l&#8217;opci\u00f3 \u201celiminar l&#8217;historial d&#8217;exploraci\u00f3\u201d i, posteriorment, en l&#8217;apartat \u201ccookies i permisos del lloc\u201d accedeix al subapartat \u201cveure cookies i dades del lloc\u201d i selecciona l&#8217;opci\u00f3 \u201cEliminar tot\u201d. <\/span><\/li>\n<li style=\"font-weight: 400;\" aria-level=\"1\"><span style=\"font-weight: 400;\">Aix\u00ed mateix, la pestanya \u201ccookies i permisos del lloc\u201d permet configurar les opcions de privacitat preferides per l&#8217;usuari. <\/span><\/li>\n<li style=\"font-weight: 400;\" aria-level=\"1\"><b>Mozilla Firefox<\/b><span style=\"font-weight: 400;\"> (<\/span><a href=\"http:\/\/goo.gl\/QXWYmv\" target=\"_blank\" rel=\"noopener\"><span style=\"font-weight: 400;\">http:\/\/goo.gl\/qxwymv<\/span><\/a><span style=\"font-weight: 400;\">)<\/span><\/li>\n<li style=\"font-weight: 400;\" aria-level=\"1\"><span style=\"font-weight: 400;\">En la part superior de la venda de Firefox fer clic en el men\u00fa Ajustos.<\/span><\/li>\n<li style=\"font-weight: 400;\" aria-level=\"1\"><span style=\"font-weight: 400;\">Seleccionar Privacitat &#038; Seguretat.<\/span><\/li>\n<li style=\"font-weight: 400;\" aria-level=\"1\"><span style=\"font-weight: 400;\">Seleccionant l&#8217;Opci\u00f3 \u201cPersonalitzat\u201d podr\u00e0 seleccionar les Cookies que desitja bloquejar juntament amb altres q\u00fcestions relacionades amb la seva privacitat. <\/span><\/li>\n<li style=\"font-weight: 400;\" aria-level=\"1\"><b>Google Chrome<\/b><span style=\"font-weight: 400;\"> (<\/span><a href=\"http:\/\/goo.gl\/fQnkSB\" target=\"_blank\" rel=\"noopener\"><span style=\"font-weight: 400;\">http:\/\/goo.gl\/fqnksb<\/span><\/a><span style=\"font-weight: 400;\">)<\/span><\/li>\n<\/ul>\n<ul>\n<li style=\"font-weight: 400;\" aria-level=\"1\"><span style=\"font-weight: 400;\">Fer clic en el men\u00fa situat en la barra d&#8217;eines.<\/span><\/li>\n<li style=\"font-weight: 400;\" aria-level=\"1\"><span style=\"font-weight: 400;\">Seleccionar Configuraci\u00f3.<\/span><\/li>\n<li style=\"font-weight: 400;\" aria-level=\"1\"><span style=\"font-weight: 400;\">En la selecci\u00f3 \u201cPrivacitat i Seguretat\u201d fer clic en el bot\u00f3 \u201cCookies i dades d&#8217;altres llocs\u201d.<\/span><\/li>\n<\/ul>\n<p><span style=\"font-weight: 400;\">Podr\u00e0 seleccionar la configuraci\u00f3 general de les cookies, aix\u00ed com altres aspectes de privacitat. <\/span><\/p>\n<ul>\n<li style=\"font-weight: 400;\" aria-level=\"1\"><b>Safari<\/b> <span style=\"font-weight: 400;\">(<\/span><a href=\"https:\/\/goo.gl\/dQywEo\" target=\"_blank\" rel=\"noopener\"><span style=\"font-weight: 400;\">https:\/\/goo.gl\/dqyweo<\/span><\/a><span style=\"font-weight: 400;\">)<\/span><\/li>\n<\/ul>\n<ul>\n<li style=\"font-weight: 400;\" aria-level=\"1\"><span style=\"font-weight: 400;\">En l&#8217;app safari del Mac seleccioni l&#8217;opci\u00f3 de \u201cPrefer\u00e8ncies\u201d.<\/span><\/li>\n<li style=\"font-weight: 400;\" aria-level=\"1\"><span style=\"font-weight: 400;\">Obri la pestanya de privacitat.<\/span><\/li>\n<li style=\"font-weight: 400;\" aria-level=\"1\"><span style=\"font-weight: 400;\">Seleccioni l&#8217;opci\u00f3 que vulgui de la secci\u00f3 de \u201cbloquejar cookies\u201d.<\/span><\/li>\n<li style=\"font-weight: 400;\" aria-level=\"1\"><span style=\"font-weight: 400;\">Recordi que unes certes funcions i la plena funcionalitat de le Lloc web poden no estar disponibles despr\u00e9s de deshabilitar les cookies.<\/span><\/li>\n<\/ul>\n<p><span style=\"font-weight: 400;\">Si no desitja ser rastrejat per les cookies, Google ha desenvolupat un complement per a instal\u00b7lar en el seu navegador al qual pot accedir en el seg\u00fcent enlla\u00e7: <\/span><a href=\"http:\/\/goo.gl\/up4ND\" target=\"_blank\" rel=\"noopener\"><span style=\"font-weight: 400;\">http:\/\/goo.gl\/up4nd<\/span><\/a><span style=\"font-weight: 400;\">. <\/span><\/p>\n<p><b>5.- Cookies en els dispositius m\u00f2bils<\/b><\/p>\n<p><span style=\"font-weight: 400;\">El Lloc web de RAWDATA tamb\u00e9 usa cookies o altres dispositius d&#8217;emmagatzematge en dispositius m\u00f2bils. <\/span><\/p>\n<p><span style=\"font-weight: 400;\">Aquelles cookies que no siguin obligat\u00f2ries per a la navegaci\u00f3 del present lloc web podran deshabilitar-se en l&#8217;apartat \u201cConfigura les Cookies aqu\u00ed\u201d.<\/span><\/p>\n<p><span style=\"font-weight: 400;\">Aquests ajustos es troben al peu de p\u00e0gina del Lloc web. A m\u00e9s, igual que succeeix en els navegadors d&#8217;ordinadors, el navegadors dels dispositius m\u00f2bils permeten fer canvis en les opcions o ajustos de privacitat per a desactivar o eliminar les cookies.<\/span><\/p>\n<p><span style=\"font-weight: 400;\">Si desitja modificar les opcions de privacitat segueixi les instruccions especificades pel desenvolupador del seu navegador per a dispositiu m\u00f2bil.<\/span><\/p>\n<p><span style=\"font-weight: 400;\">A continuaci\u00f3, podr\u00e0 trobar alguns exemples dels links que li guiaran per a modificar les opcions de privacitat en el seu dispositiu m\u00f2bil:<\/span><\/p>\n<ul>\n<li style=\"font-weight: 400;\" aria-level=\"1\"><b>IOS<\/b><span style=\"font-weight: 400;\">: (<\/span><a href=\"http:\/\/goo.gl\/61xevS\" target=\"_blank\" rel=\"noopener\"><span style=\"font-weight: 400;\">http:\/\/goo.gl\/61xevs<\/span><\/a><span style=\"font-weight: 400;\">)<\/span><\/li>\n<li style=\"font-weight: 400;\" aria-level=\"1\"><b>Windows Phone<\/b><span style=\"font-weight: 400;\">: (<\/span><a href=\"https:\/\/goo.gl\/tKyb0y\" target=\"_blank\" rel=\"noopener\"><span style=\"font-weight: 400;\">https:\/\/goo.gl\/tkyb0y<\/span><\/a><span style=\"font-weight: 400;\">) <\/span><\/li>\n<li style=\"font-weight: 400;\" aria-level=\"1\"><b>Chrome Mobile<\/b><span style=\"font-weight: 400;\">: (<\/span><a href=\"http:\/\/goo.gl\/XJp7N\" target=\"_blank\" rel=\"noopener\"><span style=\"font-weight: 400;\">http:\/\/goo.gl\/xjp7n<\/span><\/a><span style=\"font-weight: 400;\">) <\/span><\/li>\n<li style=\"font-weight: 400;\" aria-level=\"1\"><b>Opera Mobile<\/b><span style=\"font-weight: 400;\">: (<\/span><a href=\"http:\/\/goo.gl\/Nzr8s7)\" target=\"_blank\" rel=\"noopener\"><span style=\"font-weight: 400;\">http:\/\/goo.gl\/nzr8s7)<\/span><\/a><\/li>\n<\/ul>\n<p><b>6.- Acceptaci\u00f3 de cookies<\/b><\/p>\n<p><span style=\"font-weight: 400;\">El present Lloc web no instal\u00b7la les nostres cookies en els dispositius dels usuaris fins que aquests hagin acceptat la instal\u00b7laci\u00f3 d&#8217;aquestes.<\/span><\/p>\n<p><span style=\"font-weight: 400;\">L&#8217;informem que en el cas de no acceptar la instal\u00b7laci\u00f3 de cookies o de deshabilitar alguna d&#8217;aquestes en la configuraci\u00f3, \u00e9s possible que uns certs serveis no estiguin disponibles sense la utilitzaci\u00f3 d&#8217;aquestes o que no pugui accedir a determinats serveis ni tampoc aprofitar per complet tot el que aquest Lloc web li ofereix.<\/span><\/p>\n\t\t\t\t\t\t\t\t<\/div>\n\t\t\t\t<\/div>\n\t\t\t\t\t<\/div>\n\t\t<\/div>\n\t\t\t\t\t<\/div>\n\t\t<\/section>\n\t\t\t\t<\/div>\n\t\t","protected":false},"excerpt":{"rendered":"<p>Pol\u00edtica de cookies RAW DATA S.L. (d&#8217;ara endavant, \u201cRAWDATA \u201d) informa, a trav\u00e9s de la present Pol\u00edtica de Cookies, sobre la utilitzaci\u00f3 de dispositius d&#8217;emmagatzematge i recuperaci\u00f3 de dades en equips terminals dels Usuaris. 1.- Qu\u00e8 s\u00f3n les cookies? Aquest Lloc web utilitza cookies i\/o tecnologies similars que emmagatzemen i recuperen informaci\u00f3 quan navegues. En [&hellip;]<\/p>\n","protected":false},"author":1,"featured_media":0,"parent":0,"menu_order":0,"comment_status":"closed","ping_status":"closed","template":"","meta":{"_acf_changed":false,"content-type":"","footnotes":""},"class_list":["post-34918","page","type-page","status-publish","hentry"],"acf":[],"_links":{"self":[{"href":"https:\/\/agrawdata.com\/ca\/wp-json\/wp\/v2\/pages\/34918","targetHints":{"allow":["GET"]}}],"collection":[{"href":"https:\/\/agrawdata.com\/ca\/wp-json\/wp\/v2\/pages"}],"about":[{"href":"https:\/\/agrawdata.com\/ca\/wp-json\/wp\/v2\/types\/page"}],"author":[{"embeddable":true,"href":"https:\/\/agrawdata.com\/ca\/wp-json\/wp\/v2\/users\/1"}],"replies":[{"embeddable":true,"href":"https:\/\/agrawdata.com\/ca\/wp-json\/wp\/v2\/comments?post=34918"}],"version-history":[{"count":2,"href":"https:\/\/agrawdata.com\/ca\/wp-json\/wp\/v2\/pages\/34918\/revisions"}],"predecessor-version":[{"id":35562,"href":"https:\/\/agrawdata.com\/ca\/wp-json\/wp\/v2\/pages\/34918\/revisions\/35562"}],"wp:attachment":[{"href":"https:\/\/agrawdata.com\/ca\/wp-json\/wp\/v2\/media?parent=34918"}],"curies":[{"name":"wp","href":"https:\/\/api.w.org\/{rel}","templated":true}]}}