{"id":36874,"date":"2024-11-20T16:22:53","date_gmt":"2024-11-20T15:22:53","guid":{"rendered":"https:\/\/agrawdata.com\/reservar-demo-rc-3\/"},"modified":"2026-03-11T09:38:20","modified_gmt":"2026-03-11T08:38:20","slug":"reservar-demo-rc-3-3","status":"publish","type":"page","link":"https:\/\/agrawdata.com\/ca\/reservar-demo-rc-3-3\/","title":{"rendered":"Reservar Demo \u00faltim pas"},"content":{"rendered":"\t\t<div data-elementor-type=\"wp-page\" data-elementor-id=\"36874\" class=\"elementor elementor-36874 elementor-36873\" data-elementor-post-type=\"page\">\n\t\t\t\t\t\t<section data-dce-background-overlay-color=\"#CFF8D5\" class=\"elementor-section elementor-top-section elementor-element elementor-element-e80ec63 elementor-section-boxed elementor-section-height-default elementor-section-height-default\" data-id=\"e80ec63\" data-element_type=\"section\" data-e-type=\"section\">\n\t\t\t\t\t\t\t<div class=\"elementor-background-overlay\"><\/div>\n\t\t\t\t\t\t\t<div class=\"elementor-container elementor-column-gap-custom\">\n\t\t\t\t\t<div class=\"elementor-column elementor-col-50 elementor-top-column elementor-element elementor-element-0534abc\" data-id=\"0534abc\" data-element_type=\"column\" data-e-type=\"column\" data-settings=\"{&quot;background_background&quot;:&quot;gradient&quot;}\">\n\t\t\t<div class=\"elementor-widget-wrap elementor-element-populated\">\n\t\t\t\t\t<div class=\"elementor-background-overlay\"><\/div>\n\t\t\t\t\t\t<div class=\"elementor-element elementor-element-4a5fe4e elementor-widget-mobile__width-initial elementor-hidden-mobile elementor-widget elementor-widget-heading\" data-id=\"4a5fe4e\" data-element_type=\"widget\" data-e-type=\"widget\" data-widget_type=\"heading.default\">\n\t\t\t\t<div class=\"elementor-widget-container\">\n\t\t\t\t\t<p class=\"elementor-heading-title elementor-size-default\">Tot el que podem fer per tu i molt m\u00e9s...<\/p>\t\t\t\t<\/div>\n\t\t\t\t<\/div>\n\t\t\t\t<div class=\"elementor-element elementor-element-25b8be6 elementor-hidden-mobile elementor-widget elementor-widget-text-editor\" data-id=\"25b8be6\" data-element_type=\"widget\" data-e-type=\"widget\" data-widget_type=\"text-editor.default\">\n\t\t\t\t<div class=\"elementor-widget-container\">\n\t\t\t\t\t\t\t\t\t<p style=\"font-size: 17px;\"><strong><span style=\"font-size: 20px;\">+ 5.000 usuaris<\/span>  <\/strong>ja fan servir Raw Data.<\/p><p style=\"font-size: 17px;\">Comptar\u00e0s amb un <strong><span style=\"font-size: 20px;\">enginyer agr\u00f2nom per a<\/span><\/strong> tu.<\/p><p style=\"font-size: 17px;\"><strong><span style=\"font-size: 20px;\">40% m\u00e9s cada any<\/span><\/strong> en la productivitat dels teus treballadors.<\/p>\t\t\t\t\t\t\t\t<\/div>\n\t\t\t\t<\/div>\n\t\t\t\t<div class=\"elementor-element elementor-element-725c40b elementor-hidden-mobile elementor-widget elementor-widget-text-editor\" data-id=\"725c40b\" data-element_type=\"widget\" data-e-type=\"widget\" data-widget_type=\"text-editor.default\">\n\t\t\t\t<div class=\"elementor-widget-container\">\n\t\t\t\t\t\t\t\t\t<p><img decoding=\"async\" class=\"alignnone wp-image-26173\" src=\"https:\/\/agrawdata.com\/wp-content\/uploads\/2023\/06\/bollo-natural-fruits-300x132.png\" alt=\"\" width=\"109\" height=\"48\" srcset=\"https:\/\/agrawdata.com\/wp-content\/uploads\/2023\/06\/bollo-natural-fruits-300x132.png 300w, https:\/\/agrawdata.com\/wp-content\/uploads\/2023\/06\/bollo-natural-fruits-1024x452.png 1024w, https:\/\/agrawdata.com\/wp-content\/uploads\/2023\/06\/bollo-natural-fruits-768x339.png 768w, https:\/\/agrawdata.com\/wp-content\/uploads\/2023\/06\/bollo-natural-fruits.png 1034w\" sizes=\"(max-width: 109px) 100vw, 109px\" \/>      <img decoding=\"async\" class=\"alignnone wp-image-22135\" src=\"https:\/\/agrawdata.com\/wp-content\/uploads\/2023\/02\/el-ciruelo-300x82.png\" alt=\"\" width=\"132\" height=\"36\" srcset=\"https:\/\/agrawdata.com\/wp-content\/uploads\/2023\/02\/el-ciruelo-300x82.png 300w, https:\/\/agrawdata.com\/wp-content\/uploads\/2023\/02\/el-ciruelo.png 366w\" sizes=\"(max-width: 132px) 100vw, 132px\" \/>   <img decoding=\"async\" class=\"alignnone wp-image-21414\" src=\"https:\/\/agrawdata.com\/wp-content\/uploads\/2023\/01\/alhondiga-la-union.png\" alt=\"\" width=\"116\" height=\"82\"><\/p><p><img loading=\"lazy\" decoding=\"async\" class=\"alignnone wp-image-36591\" src=\"https:\/\/agrawdata.com\/wp-content\/uploads\/2024\/11\/Recurso-15-300x161.png\" alt=\"\" width=\"87\" height=\"47\" srcset=\"https:\/\/agrawdata.com\/wp-content\/uploads\/2024\/11\/Recurso-15-300x161.png 300w, https:\/\/agrawdata.com\/wp-content\/uploads\/2024\/11\/Recurso-15.png 400w\" sizes=\"(max-width: 87px) 100vw, 87px\" \/>     <img loading=\"lazy\" decoding=\"async\" class=\"alignnone wp-image-1118\" src=\"https:\/\/agrawdata.com\/wp-content\/uploads\/2019\/03\/11Logo_cliente_Cerima-300x121.png\" alt=\"\" width=\"116\" height=\"47\" srcset=\"https:\/\/agrawdata.com\/wp-content\/uploads\/2019\/03\/11Logo_cliente_Cerima-300x121.png 300w, https:\/\/agrawdata.com\/wp-content\/uploads\/2019\/03\/11Logo_cliente_Cerima-768x309.png 768w, https:\/\/agrawdata.com\/wp-content\/uploads\/2019\/03\/11Logo_cliente_Cerima-1024x412.png 1024w, https:\/\/agrawdata.com\/wp-content\/uploads\/2019\/03\/11Logo_cliente_Cerima.png 1960w\" sizes=\"(max-width: 116px) 100vw, 116px\" \/>    <img loading=\"lazy\" decoding=\"async\" class=\"alignnone wp-image-36594\" src=\"https:\/\/agrawdata.com\/wp-content\/uploads\/2024\/11\/Recurso-17-300x59.png\" alt=\"\" width=\"158\" height=\"31\" srcset=\"https:\/\/agrawdata.com\/wp-content\/uploads\/2024\/11\/Recurso-17-300x59.png 300w, https:\/\/agrawdata.com\/wp-content\/uploads\/2024\/11\/Recurso-17-1024x201.png 1024w, https:\/\/agrawdata.com\/wp-content\/uploads\/2024\/11\/Recurso-17-768x151.png 768w, https:\/\/agrawdata.com\/wp-content\/uploads\/2024\/11\/Recurso-17.png 1511w\" sizes=\"(max-width: 158px) 100vw, 158px\" \/><\/p>\t\t\t\t\t\t\t\t<\/div>\n\t\t\t\t<\/div>\n\t\t\t\t<div class=\"elementor-element elementor-element-3098aa6 elementor-button-info elementor-align-left elementor-hidden-mobile elementor-widget elementor-widget-button\" data-id=\"3098aa6\" data-element_type=\"widget\" data-e-type=\"widget\" data-widget_type=\"button.default\">\n\t\t\t\t<div class=\"elementor-widget-container\">\n\t\t\t\t\t\t\t\t\t<div class=\"elementor-button-wrapper\">\n\t\t\t\t\t<a class=\"elementor-button elementor-button-link elementor-size-sm\" href=\"https:\/\/w.app\/XHRA6e\">\n\t\t\t\t\t\t<span class=\"elementor-button-content-wrapper\">\n\t\t\t\t\t\t<span class=\"elementor-button-icon\">\n\t\t\t\t<i aria-hidden=\"true\" class=\"fab fa-whatsapp\"><\/i>\t\t\t<\/span>\n\t\t\t\t\t\t\t\t\t<span class=\"elementor-button-text\">\u00bfParlem?<\/span>\n\t\t\t\t\t<\/span>\n\t\t\t\t\t<\/a>\n\t\t\t\t<\/div>\n\t\t\t\t\t\t\t\t<\/div>\n\t\t\t\t<\/div>\n\t\t\t\t\t<\/div>\n\t\t<\/div>\n\t\t\t\t<div class=\"elementor-column elementor-col-50 elementor-top-column elementor-element elementor-element-ec28a69 elementor-hidden-mobile\" data-id=\"ec28a69\" data-element_type=\"column\" data-e-type=\"column\" data-settings=\"{&quot;background_background&quot;:&quot;classic&quot;}\">\n\t\t\t<div class=\"elementor-widget-wrap elementor-element-populated\">\n\t\t\t\t\t\t<div class=\"elementor-element elementor-element-ea16a03 elementor-widget-mobile__width-initial elementor-widget elementor-widget-heading\" data-id=\"ea16a03\" data-element_type=\"widget\" data-e-type=\"widget\" data-widget_type=\"heading.default\">\n\t\t\t\t<div class=\"elementor-widget-container\">\n\t\t\t\t\t<h1 class=\"elementor-heading-title elementor-size-default\">Necessitem saber un parell de coses<\/h1>\t\t\t\t<\/div>\n\t\t\t\t<\/div>\n\t\t\t\t<div class=\"elementor-element elementor-element-0d1b099 elementor-widget elementor-widget-text-editor\" data-id=\"0d1b099\" data-element_type=\"widget\" data-e-type=\"widget\" data-widget_type=\"text-editor.default\">\n\t\t\t\t<div class=\"elementor-widget-container\">\n\t\t\t\t\t\t\t\t\t<h2><span style=\"color: #008080;\">Cu\u00e9ntanos un poco de ti, per donar-te una atenci\u00f3 personalitzada<\/span><\/h2>\t\t\t\t\t\t\t\t<\/div>\n\t\t\t\t<\/div>\n\t\t\t\t<section class=\"elementor-section elementor-inner-section elementor-element elementor-element-aa5b011 elementor-section-boxed elementor-section-height-default elementor-section-height-default\" data-id=\"aa5b011\" data-element_type=\"section\" data-e-type=\"section\">\n\t\t\t\t\t\t<div class=\"elementor-container elementor-column-gap-default\">\n\t\t\t\t\t<div class=\"elementor-column elementor-col-100 elementor-inner-column elementor-element elementor-element-9a0dc9f\" data-id=\"9a0dc9f\" data-element_type=\"column\" data-e-type=\"column\" data-settings=\"{&quot;background_background&quot;:&quot;classic&quot;}\">\n\t\t\t<div class=\"elementor-widget-wrap elementor-element-populated\">\n\t\t\t\t\t\t<div class=\"elementor-element elementor-element-8bdfb27 elementor-widget elementor-widget-hubspot-form\" data-id=\"8bdfb27\" data-element_type=\"widget\" data-e-type=\"widget\" data-widget_type=\"hubspot-form.default\">\n\t\t\t\t<div class=\"elementor-widget-container\">\n\t\t\t\t\t\n\t\t\t\t\t\t<script>\n\t\t\t\t\t\t\twindow.hsFormsOnReady = window.hsFormsOnReady || [];\n\t\t\t\t\t\t\twindow.hsFormsOnReady.push(()=>{\n\t\t\t\t\t\t\t\thbspt.forms.create({\n\t\t\t\t\t\t\t\t\tportalId: 25288778,\n\t\t\t\t\t\t\t\t\tformId: \"5993043d-5cd0-452e-851e-d6c93614eea1\",\n\t\t\t\t\t\t\t\t\ttarget: \"#hbspt-form-1775557910000-7050355339\",\n\t\t\t\t\t\t\t\t\tregion: \"eu1\",\n\t\t\t\t\t\t\t\t\t\n\t\t\t\t\t\t\t})});\n\t\t\t\t\t\t<\/script>\n\t\t\t\t\t\t<div class=\"hbspt-form\" id=\"hbspt-form-1775557910000-7050355339\"><\/div>\t\t\t\t<\/div>\n\t\t\t\t<\/div>\n\t\t\t\t\t<\/div>\n\t\t<\/div>\n\t\t\t\t\t<\/div>\n\t\t<\/section>\n\t\t\t\t\t<\/div>\n\t\t<\/div>\n\t\t\t\t\t<\/div>\n\t\t<\/section>\n\t\t\t\t<section class=\"elementor-section elementor-top-section elementor-element elementor-element-2e10e5a elementor-hidden-desktop elementor-section-boxed elementor-section-height-default elementor-section-height-default\" data-id=\"2e10e5a\" data-element_type=\"section\" data-e-type=\"section\">\n\t\t\t\t\t\t<div class=\"elementor-container elementor-column-gap-default\">\n\t\t\t\t\t<div class=\"elementor-column elementor-col-100 elementor-top-column elementor-element elementor-element-ad46819\" data-id=\"ad46819\" data-element_type=\"column\" data-e-type=\"column\">\n\t\t\t<div class=\"elementor-widget-wrap elementor-element-populated\">\n\t\t\t\t\t\t<section class=\"elementor-section elementor-inner-section elementor-element elementor-element-78efe42 elementor-section-boxed elementor-section-height-default elementor-section-height-default\" data-id=\"78efe42\" data-element_type=\"section\" data-e-type=\"section\">\n\t\t\t\t\t\t<div class=\"elementor-container elementor-column-gap-default\">\n\t\t\t\t\t<div class=\"elementor-column elementor-col-100 elementor-inner-column elementor-element elementor-element-4afefaa elementor-hidden-desktop\" data-id=\"4afefaa\" data-element_type=\"column\" data-e-type=\"column\" data-settings=\"{&quot;background_background&quot;:&quot;classic&quot;}\">\n\t\t\t<div class=\"elementor-widget-wrap elementor-element-populated\">\n\t\t\t\t\t\t<div class=\"elementor-element elementor-element-138f424 elementor-widget-mobile__width-initial elementor-widget elementor-widget-heading\" data-id=\"138f424\" data-element_type=\"widget\" data-e-type=\"widget\" data-widget_type=\"heading.default\">\n\t\t\t\t<div class=\"elementor-widget-container\">\n\t\t\t\t\t<h2 class=\"elementor-heading-title elementor-size-default\">Necessitem saber un parell de coses  <\/h2>\t\t\t\t<\/div>\n\t\t\t\t<\/div>\n\t\t\t\t<div class=\"elementor-element elementor-element-c778593 elementor-widget elementor-widget-text-editor\" data-id=\"c778593\" data-element_type=\"widget\" data-e-type=\"widget\" data-widget_type=\"text-editor.default\">\n\t\t\t\t<div class=\"elementor-widget-container\">\n\t\t\t\t\t\t\t\t\t<p>Cu\u00e9ntanos un poco sobre ti para que podamos darte una atenci\u00f3n personalizada<\/p>\t\t\t\t\t\t\t\t<\/div>\n\t\t\t\t<\/div>\n\t\t\t\t<div class=\"elementor-element elementor-element-29fb7ff elementor-widget elementor-widget-hubspot-form\" data-id=\"29fb7ff\" data-element_type=\"widget\" data-e-type=\"widget\" data-widget_type=\"hubspot-form.default\">\n\t\t\t\t<div class=\"elementor-widget-container\">\n\t\t\t\t\t\n\t\t\t\t\t\t<script>\n\t\t\t\t\t\t\twindow.hsFormsOnReady = window.hsFormsOnReady || [];\n\t\t\t\t\t\t\twindow.hsFormsOnReady.push(()=>{\n\t\t\t\t\t\t\t\thbspt.forms.create({\n\t\t\t\t\t\t\t\t\tportalId: 25288778,\n\t\t\t\t\t\t\t\t\tformId: \"5993043d-5cd0-452e-851e-d6c93614eea1\",\n\t\t\t\t\t\t\t\t\ttarget: \"#hbspt-form-1775557910000-0515986368\",\n\t\t\t\t\t\t\t\t\tregion: \"eu1\",\n\t\t\t\t\t\t\t\t\t\n\t\t\t\t\t\t\t})});\n\t\t\t\t\t\t<\/script>\n\t\t\t\t\t\t<div class=\"hbspt-form\" id=\"hbspt-form-1775557910000-0515986368\"><\/div>\t\t\t\t<\/div>\n\t\t\t\t<\/div>\n\t\t\t\t\t<\/div>\n\t\t<\/div>\n\t\t\t\t\t<\/div>\n\t\t<\/section>\n\t\t\t\t\t<\/div>\n\t\t<\/div>\n\t\t\t\t\t<\/div>\n\t\t<\/section>\n\t\t\t\t<section data-dce-background-color=\"#F7F8F8\" class=\"elementor-section elementor-top-section elementor-element elementor-element-32a1c59 elementor-section-stretched elementor-section-boxed elementor-section-height-default elementor-section-height-default\" data-id=\"32a1c59\" data-element_type=\"section\" data-e-type=\"section\" data-settings=\"{&quot;background_background&quot;:&quot;classic&quot;,&quot;stretch_section&quot;:&quot;section-stretched&quot;}\">\n\t\t\t\t\t\t<div class=\"elementor-container elementor-column-gap-default\">\n\t\t\t\t\t<div class=\"elementor-column elementor-col-33 elementor-top-column elementor-element elementor-element-f059261\" data-id=\"f059261\" data-element_type=\"column\" data-e-type=\"column\">\n\t\t\t<div class=\"elementor-widget-wrap elementor-element-populated\">\n\t\t\t\t\t\t<div class=\"elementor-element elementor-element-91328d9 elementor-widget elementor-widget-heading\" data-id=\"91328d9\" data-element_type=\"widget\" data-e-type=\"widget\" data-widget_type=\"heading.default\">\n\t\t\t\t<div class=\"elementor-widget-container\">\n\t\t\t\t\t<p class=\"elementor-heading-title elementor-size-default\">\u00a9 RawData 2022<\/p>\t\t\t\t<\/div>\n\t\t\t\t<\/div>\n\t\t\t\t\t<\/div>\n\t\t<\/div>\n\t\t\t\t<div class=\"elementor-column elementor-col-33 elementor-top-column elementor-element elementor-element-9730d61\" data-id=\"9730d61\" data-element_type=\"column\" data-e-type=\"column\">\n\t\t\t<div class=\"elementor-widget-wrap elementor-element-populated\">\n\t\t\t\t\t\t<div class=\"elementor-element elementor-element-61b7d18 elementor-widget elementor-widget-heading\" data-id=\"61b7d18\" data-element_type=\"widget\" data-e-type=\"widget\" data-widget_type=\"heading.default\">\n\t\t\t\t<div class=\"elementor-widget-container\">\n\t\t\t\t\t<p class=\"elementor-heading-title elementor-size-default\"><a href=\"https:\/\/agrawdata.com\/ca\/politica-de-privacitat\/\">Pol\u00edtica de Privacitat<\/a><\/p>\t\t\t\t<\/div>\n\t\t\t\t<\/div>\n\t\t\t\t\t<\/div>\n\t\t<\/div>\n\t\t\t\t<div class=\"elementor-column elementor-col-33 elementor-top-column elementor-element elementor-element-52d5d34\" data-id=\"52d5d34\" data-element_type=\"column\" data-e-type=\"column\">\n\t\t\t<div class=\"elementor-widget-wrap elementor-element-populated\">\n\t\t\t\t\t\t<div class=\"elementor-element elementor-element-afde473 elementor-widget elementor-widget-heading\" data-id=\"afde473\" data-element_type=\"widget\" data-e-type=\"widget\" data-widget_type=\"heading.default\">\n\t\t\t\t<div class=\"elementor-widget-container\">\n\t\t\t\t\t<p class=\"elementor-heading-title elementor-size-default\"><a href=\"https:\/\/agrawdata.com\/ca\/politica-de-cookies\/\">Cookies<\/a><\/p>\t\t\t\t<\/div>\n\t\t\t\t<\/div>\n\t\t\t\t\t<\/div>\n\t\t<\/div>\n\t\t\t\t\t<\/div>\n\t\t<\/section>\n\t\t\t\t<section class=\"elementor-section elementor-top-section elementor-element elementor-element-f4a3913 elementor-section-boxed elementor-section-height-default elementor-section-height-default\" data-id=\"f4a3913\" data-element_type=\"section\" data-e-type=\"section\">\n\t\t\t\t\t\t<div class=\"elementor-container elementor-column-gap-default\">\n\t\t\t\t\t<div class=\"elementor-column elementor-col-100 elementor-top-column elementor-element elementor-element-bb521ea\" data-id=\"bb521ea\" data-element_type=\"column\" data-e-type=\"column\">\n\t\t\t<div class=\"elementor-widget-wrap\">\n\t\t\t\t\t\t\t<\/div>\n\t\t<\/div>\n\t\t\t\t\t<\/div>\n\t\t<\/section>\n\t\t\t\t<\/div>\n\t\t","protected":false},"excerpt":{"rendered":"<p>Tot el que podem fer per tu i molt m\u00e9s&#8230; + 5.000 usuaris ja fan servir Raw Data. Comptar\u00e0s amb un enginyer agr\u00f2nom per a tu. 40% m\u00e9s cada any en la productivitat dels teus treballadors. \u00bfParlem? Necessitem saber un parell de coses Cu\u00e9ntanos un poco de ti, per donar-te una atenci\u00f3 personalitzada Necessitem saber [&hellip;]<\/p>\n","protected":false},"author":3,"featured_media":33738,"parent":0,"menu_order":0,"comment_status":"closed","ping_status":"closed","template":"","meta":{"_acf_changed":false,"content-type":"","footnotes":""},"class_list":["post-36874","page","type-page","status-publish","has-post-thumbnail","hentry"],"acf":[],"_links":{"self":[{"href":"https:\/\/agrawdata.com\/ca\/wp-json\/wp\/v2\/pages\/36874","targetHints":{"allow":["GET"]}}],"collection":[{"href":"https:\/\/agrawdata.com\/ca\/wp-json\/wp\/v2\/pages"}],"about":[{"href":"https:\/\/agrawdata.com\/ca\/wp-json\/wp\/v2\/types\/page"}],"author":[{"embeddable":true,"href":"https:\/\/agrawdata.com\/ca\/wp-json\/wp\/v2\/users\/3"}],"replies":[{"embeddable":true,"href":"https:\/\/agrawdata.com\/ca\/wp-json\/wp\/v2\/comments?post=36874"}],"version-history":[{"count":9,"href":"https:\/\/agrawdata.com\/ca\/wp-json\/wp\/v2\/pages\/36874\/revisions"}],"predecessor-version":[{"id":54215,"href":"https:\/\/agrawdata.com\/ca\/wp-json\/wp\/v2\/pages\/36874\/revisions\/54215"}],"wp:featuredmedia":[{"embeddable":true,"href":"https:\/\/agrawdata.com\/ca\/wp-json\/wp\/v2\/media\/33738"}],"wp:attachment":[{"href":"https:\/\/agrawdata.com\/ca\/wp-json\/wp\/v2\/media?parent=36874"}],"curies":[{"name":"wp","href":"https:\/\/api.w.org\/{rel}","templated":true}]}}