{"id":37679,"date":"2024-12-02T10:11:45","date_gmt":"2024-12-02T09:11:45","guid":{"rendered":"https:\/\/agrawdata.com\/reservar-demo-3\/"},"modified":"2025-11-19T16:01:12","modified_gmt":"2025-11-19T15:01:12","slug":"reservar-demo-3-6","status":"publish","type":"page","link":"https:\/\/agrawdata.com\/ca\/reservar-demo-3-6\/","title":{"rendered":"RESERVAR DEMO"},"content":{"rendered":"\t\t<div data-elementor-type=\"wp-page\" data-elementor-id=\"37679\" class=\"elementor elementor-37679 elementor-37678\" data-elementor-post-type=\"page\">\n\t\t\t\t\t\t<section class=\"elementor-section elementor-top-section elementor-element elementor-element-cf71843 elementor-section-boxed elementor-section-height-default elementor-section-height-default\" data-id=\"cf71843\" data-element_type=\"section\" data-e-type=\"section\" data-settings=\"{&quot;background_background&quot;:&quot;classic&quot;}\">\n\t\t\t\t\t\t<div class=\"elementor-container elementor-column-gap-default\">\n\t\t\t\t\t<div class=\"elementor-column elementor-col-100 elementor-top-column elementor-element elementor-element-c9eedae\" data-id=\"c9eedae\" data-element_type=\"column\" data-e-type=\"column\">\n\t\t\t<div class=\"elementor-widget-wrap elementor-element-populated\">\n\t\t\t\t\t\t<div class=\"elementor-element elementor-element-b329651 dce_masking-none elementor-widget elementor-widget-image\" data-id=\"b329651\" data-element_type=\"widget\" data-e-type=\"widget\" data-widget_type=\"image.default\">\n\t\t\t\t<div class=\"elementor-widget-container\">\n\t\t\t\t\t\t\t\t\t\t\t\t\t\t\t\t<a href=\"https:\/\/agrawdata.com\/ca\/\">\n\t\t\t\t\t\t\t<img loading=\"lazy\" decoding=\"async\" loading=\"lazy\" width=\"136\" height=\"26\" src=\"https:\/\/agrawdata.com\/wp-content\/uploads\/2022\/02\/Grupo-4456.svg\" class=\"attachment-large size-large wp-image-17343\" alt=\"\" \/>\t\t\t\t\t\t\t\t<\/a>\n\t\t\t\t\t\t\t\t\t\t\t\t\t\t\t<\/div>\n\t\t\t\t<\/div>\n\t\t\t\t\t<\/div>\n\t\t<\/div>\n\t\t\t\t\t<\/div>\n\t\t<\/section>\n\t\t\t\t<section class=\"elementor-section elementor-top-section elementor-element elementor-element-b5705ff elementor-section-stretched elementor-section-boxed elementor-section-height-default elementor-section-height-default\" data-id=\"b5705ff\" data-element_type=\"section\" data-e-type=\"section\" data-settings=\"{&quot;background_background&quot;:&quot;classic&quot;,&quot;stretch_section&quot;:&quot;section-stretched&quot;}\">\n\t\t\t\t\t\t<div class=\"elementor-container elementor-column-gap-default\">\n\t\t\t\t\t<div class=\"elementor-column elementor-col-50 elementor-top-column elementor-element elementor-element-c7d99da\" data-id=\"c7d99da\" data-element_type=\"column\" data-e-type=\"column\">\n\t\t\t<div class=\"elementor-widget-wrap elementor-element-populated\">\n\t\t\t\t\t\t<div class=\"elementor-element elementor-element-c1e28b6 elementor-widget elementor-widget-heading\" data-id=\"c1e28b6\" data-element_type=\"widget\" data-e-type=\"widget\" data-widget_type=\"heading.default\">\n\t\t\t\t<div class=\"elementor-widget-container\">\n\t\t\t\t\t<h1 class=\"elementor-heading-title elementor-size-default\">Parlem  <\/h1>\t\t\t\t<\/div>\n\t\t\t\t<\/div>\n\t\t\t\t<div class=\"elementor-element elementor-element-448d248 elementor-widget elementor-widget-heading\" data-id=\"448d248\" data-element_type=\"widget\" data-e-type=\"widget\" data-widget_type=\"heading.default\">\n\t\t\t\t<div class=\"elementor-widget-container\">\n\t\t\t\t\t<h2 class=\"elementor-heading-title elementor-size-default\">per ensenyar-te com funciona RawData?<\/h2>\t\t\t\t<\/div>\n\t\t\t\t<\/div>\n\t\t\t\t<div class=\"elementor-element elementor-element-534b19a elementor-widget elementor-widget-text-editor\" data-id=\"534b19a\" data-element_type=\"widget\" data-e-type=\"widget\" data-widget_type=\"text-editor.default\">\n\t\t\t\t<div class=\"elementor-widget-container\">\n\t\t\t\t\t\t\t\t\t<p class=\"p1\"><strong><span class=\"font-sans max-w-full text-lg font-normal normal text-left text-neutral-80 inline\">En <\/span><span class=\"font-sans max-w-full text-lg font-bold normal text-left text-neutral-80 inline\">menys de 30 minuts<\/span><\/strong><span class=\"font-sans max-w-full text-lg font-normal normal text-left text-neutral-80 inline\"> t&#8217;ensenyem com pots digitalitzar la gesti\u00f3 de la teva producci\u00f3 agr\u00edcola amb Rawdata.<\/span><\/p>\n\t\t\t\t\t\t\t\t<\/div>\n\t\t\t\t<\/div>\n\t\t\t\t<div class=\"elementor-element elementor-element-9c1e108 elementor-hidden-mobile elementor-widget elementor-widget-text-editor\" data-id=\"9c1e108\" data-element_type=\"widget\" data-e-type=\"widget\" data-widget_type=\"text-editor.default\">\n\t\t\t\t<div class=\"elementor-widget-container\">\n\t\t\t\t\t\t\t\t\t<p><img decoding=\"async\" class=\"alignnone wp-image-26173\" src=\"https:\/\/agrawdata.com\/wp-content\/uploads\/2023\/06\/bollo-natural-fruits-300x132.png\" alt=\"\" width=\"109\" height=\"48\" srcset=\"https:\/\/agrawdata.com\/wp-content\/uploads\/2023\/06\/bollo-natural-fruits-300x132.png 300w, https:\/\/agrawdata.com\/wp-content\/uploads\/2023\/06\/bollo-natural-fruits-1024x452.png 1024w, https:\/\/agrawdata.com\/wp-content\/uploads\/2023\/06\/bollo-natural-fruits-768x339.png 768w, https:\/\/agrawdata.com\/wp-content\/uploads\/2023\/06\/bollo-natural-fruits.png 1034w\" sizes=\"(max-width: 109px) 100vw, 109px\" \/>\u00a0 \u00a0 \u00a0 <img decoding=\"async\" class=\"alignnone wp-image-22135\" src=\"https:\/\/agrawdata.com\/wp-content\/uploads\/2023\/02\/el-ciruelo-300x82.png\" alt=\"\" width=\"132\" height=\"36\" srcset=\"https:\/\/agrawdata.com\/wp-content\/uploads\/2023\/02\/el-ciruelo-300x82.png 300w, https:\/\/agrawdata.com\/wp-content\/uploads\/2023\/02\/el-ciruelo.png 366w\" sizes=\"(max-width: 132px) 100vw, 132px\" \/>\u00a0 \u00a0<img decoding=\"async\" class=\"alignnone wp-image-21414\" src=\"https:\/\/agrawdata.com\/wp-content\/uploads\/2023\/01\/alhondiga-la-union.png\" alt=\"\" width=\"116\" height=\"82\" \/><\/p>\n<p><img loading=\"lazy\" decoding=\"async\" class=\"alignnone wp-image-36591\" src=\"https:\/\/agrawdata.com\/wp-content\/uploads\/2024\/11\/Recurso-15-300x161.png\" alt=\"\" width=\"87\" height=\"47\" srcset=\"https:\/\/agrawdata.com\/wp-content\/uploads\/2024\/11\/Recurso-15-300x161.png 300w, https:\/\/agrawdata.com\/wp-content\/uploads\/2024\/11\/Recurso-15.png 400w\" sizes=\"(max-width: 87px) 100vw, 87px\" \/>\u00a0 \u00a0 \u00a0<img loading=\"lazy\" decoding=\"async\" class=\"alignnone wp-image-1118\" src=\"https:\/\/agrawdata.com\/wp-content\/uploads\/2019\/03\/11Logo_cliente_Cerima-300x121.png\" alt=\"\" width=\"116\" height=\"47\" srcset=\"https:\/\/agrawdata.com\/wp-content\/uploads\/2019\/03\/11Logo_cliente_Cerima-300x121.png 300w, https:\/\/agrawdata.com\/wp-content\/uploads\/2019\/03\/11Logo_cliente_Cerima-768x309.png 768w, https:\/\/agrawdata.com\/wp-content\/uploads\/2019\/03\/11Logo_cliente_Cerima-1024x412.png 1024w, https:\/\/agrawdata.com\/wp-content\/uploads\/2019\/03\/11Logo_cliente_Cerima.png 1960w\" sizes=\"(max-width: 116px) 100vw, 116px\" \/>\u00a0 \u00a0 <img loading=\"lazy\" decoding=\"async\" class=\"alignnone wp-image-36594\" src=\"https:\/\/agrawdata.com\/wp-content\/uploads\/2024\/11\/Recurso-17-300x59.png\" alt=\"\" width=\"158\" height=\"31\" srcset=\"https:\/\/agrawdata.com\/wp-content\/uploads\/2024\/11\/Recurso-17-300x59.png 300w, https:\/\/agrawdata.com\/wp-content\/uploads\/2024\/11\/Recurso-17-1024x201.png 1024w, https:\/\/agrawdata.com\/wp-content\/uploads\/2024\/11\/Recurso-17-768x151.png 768w, https:\/\/agrawdata.com\/wp-content\/uploads\/2024\/11\/Recurso-17.png 1511w\" sizes=\"(max-width: 158px) 100vw, 158px\" \/><\/p>\n\t\t\t\t\t\t\t\t<\/div>\n\t\t\t\t<\/div>\n\t\t\t\t<div class=\"elementor-element elementor-element-40ff04f elementor-button-info elementor-widget elementor-widget-button\" data-id=\"40ff04f\" data-element_type=\"widget\" data-e-type=\"widget\" data-widget_type=\"button.default\">\n\t\t\t\t<div class=\"elementor-widget-container\">\n\t\t\t\t\t\t\t\t\t<div class=\"elementor-button-wrapper\">\n\t\t\t\t\t<a class=\"elementor-button elementor-button-link elementor-size-sm\" href=\"https:\/\/w.app\/XHRA6e\">\n\t\t\t\t\t\t<span class=\"elementor-button-content-wrapper\">\n\t\t\t\t\t\t<span class=\"elementor-button-icon\">\n\t\t\t\t<i aria-hidden=\"true\" class=\"fab fa-whatsapp\"><\/i>\t\t\t<\/span>\n\t\t\t\t\t\t\t\t\t<span class=\"elementor-button-text\">\u00bfHablamos?<\/span>\n\t\t\t\t\t<\/span>\n\t\t\t\t\t<\/a>\n\t\t\t\t<\/div>\n\t\t\t\t\t\t\t\t<\/div>\n\t\t\t\t<\/div>\n\t\t\t\t\t<\/div>\n\t\t<\/div>\n\t\t\t\t<div class=\"elementor-column elementor-col-50 elementor-top-column elementor-element elementor-element-cb55309\" data-id=\"cb55309\" data-element_type=\"column\" data-e-type=\"column\" data-settings=\"{&quot;background_background&quot;:&quot;classic&quot;}\">\n\t\t\t<div class=\"elementor-widget-wrap elementor-element-populated\">\n\t\t\t\t\t\t<section class=\"elementor-section elementor-inner-section elementor-element elementor-element-f42d7c6 elementor-section-boxed elementor-section-height-default elementor-section-height-default\" data-id=\"f42d7c6\" data-element_type=\"section\" data-e-type=\"section\">\n\t\t\t\t\t\t<div class=\"elementor-container elementor-column-gap-default\">\n\t\t\t\t\t<div class=\"elementor-column elementor-col-100 elementor-inner-column elementor-element elementor-element-7947ce3\" data-id=\"7947ce3\" data-element_type=\"column\" data-e-type=\"column\" data-settings=\"{&quot;background_background&quot;:&quot;classic&quot;}\">\n\t\t\t<div class=\"elementor-widget-wrap elementor-element-populated\">\n\t\t\t\t\t\t<div class=\"elementor-element elementor-element-e93883f elementor-widget elementor-widget-html\" data-id=\"e93883f\" data-element_type=\"widget\" data-e-type=\"widget\" data-widget_type=\"html.default\">\n\t\t\t\t<div class=\"elementor-widget-container\">\n\t\t\t\t\t\n    <script charset=\"utf-8\" type=\"text\/javascript\" src=\"https:\/\/js-eu1.hsforms.net\/forms\/embed\/v2.js\"><\/script>\n    <script>\n      hbspt.forms.create({\n         region: \"eu1\",\n        portalId: \"25288778\",\n        formId: \"410def06-2c74-4cdc-b61f-c05487704083\",\n        onFormSubmit: function($form) {\n            \/\/ debugger;\n            \/\/ good redirection is if company has more than 50 hectares OR more than 25 employees\n            \/\/ if not then just send to thank you page\n            var selected_index = document.getElementById('hs-form-iframe-0').contentWindow.document.getElementsByName('total_de_hectareas')[0].selectedIndex;\n            var selected_index_2 = document.getElementById('hs-form-iframe-0').contentWindow.document.getElementsByName('numemployees')[0].selectedIndex;\n            if((selected_index &gt;= 2) || (selected_index_2 &gt;= 2)) {\n                window.location.href = \"https:\/\/agrawdata.com\/gracias-demo\/\";\n                \/\/window.location.href = \"https:\/\/meetings-eu1.hubspot.com\/veronica-salido-polo\/formulario-web-rc-trust-demo\";\n            } else {\n                window.location.href = \"https:\/\/agrawdata.com\/gracias-demo\/\";\n            }\n        }\n    });\n    <\/script>\n\t\t\t\t<\/div>\n\t\t\t\t<\/div>\n\t\t\t\t\t<\/div>\n\t\t<\/div>\n\t\t\t\t\t<\/div>\n\t\t<\/section>\n\t\t\t\t\t<\/div>\n\t\t<\/div>\n\t\t\t\t\t<\/div>\n\t\t<\/section>\n\t\t\t\t<section class=\"elementor-section elementor-top-section elementor-element elementor-element-2735667 elementor-section-stretched elementor-section-boxed elementor-section-height-default elementor-section-height-default\" data-id=\"2735667\" data-element_type=\"section\" data-e-type=\"section\" data-settings=\"{&quot;background_background&quot;:&quot;classic&quot;,&quot;stretch_section&quot;:&quot;section-stretched&quot;}\">\n\t\t\t\t\t\t<div class=\"elementor-container elementor-column-gap-default\">\n\t\t\t\t\t<div class=\"elementor-column elementor-col-33 elementor-top-column elementor-element elementor-element-cde2ae6\" data-id=\"cde2ae6\" data-element_type=\"column\" data-e-type=\"column\">\n\t\t\t<div class=\"elementor-widget-wrap elementor-element-populated\">\n\t\t\t\t\t\t<div class=\"elementor-element elementor-element-92587af elementor-widget elementor-widget-heading\" data-id=\"92587af\" data-element_type=\"widget\" data-e-type=\"widget\" data-widget_type=\"heading.default\">\n\t\t\t\t<div class=\"elementor-widget-container\">\n\t\t\t\t\t<p class=\"elementor-heading-title elementor-size-default\"><a href=\"https:\/\/agrawdata.com\/ca\/politica-de-privacitat\/\">Pol\u00edtica de Privacitat<\/a><\/p>\t\t\t\t<\/div>\n\t\t\t\t<\/div>\n\t\t\t\t\t<\/div>\n\t\t<\/div>\n\t\t\t\t<div class=\"elementor-column elementor-col-33 elementor-top-column elementor-element elementor-element-d0ff7d1\" data-id=\"d0ff7d1\" data-element_type=\"column\" data-e-type=\"column\">\n\t\t\t<div class=\"elementor-widget-wrap elementor-element-populated\">\n\t\t\t\t\t\t<div class=\"elementor-element elementor-element-36beaae elementor-widget elementor-widget-heading\" data-id=\"36beaae\" data-element_type=\"widget\" data-e-type=\"widget\" data-widget_type=\"heading.default\">\n\t\t\t\t<div class=\"elementor-widget-container\">\n\t\t\t\t\t<p class=\"elementor-heading-title elementor-size-default\"><a href=\"https:\/\/agrawdata.com\/ca\/politica-de-cookies\/\">Cookies<\/a><\/p>\t\t\t\t<\/div>\n\t\t\t\t<\/div>\n\t\t\t\t\t<\/div>\n\t\t<\/div>\n\t\t\t\t<div class=\"elementor-column elementor-col-33 elementor-top-column elementor-element elementor-element-525acd6\" data-id=\"525acd6\" data-element_type=\"column\" data-e-type=\"column\">\n\t\t\t<div class=\"elementor-widget-wrap elementor-element-populated\">\n\t\t\t\t\t\t<div class=\"elementor-element elementor-element-7ff6903 elementor-widget elementor-widget-heading\" data-id=\"7ff6903\" data-element_type=\"widget\" data-e-type=\"widget\" data-widget_type=\"heading.default\">\n\t\t\t\t<div class=\"elementor-widget-container\">\n\t\t\t\t\t<p class=\"elementor-heading-title elementor-size-default\">\u00a9 RawData 2024<\/p>\t\t\t\t<\/div>\n\t\t\t\t<\/div>\n\t\t\t\t\t<\/div>\n\t\t<\/div>\n\t\t\t\t\t<\/div>\n\t\t<\/section>\n\t\t\t\t<\/div>\n\t\t","protected":false},"excerpt":{"rendered":"<p>Parlem per ensenyar-te com funciona RawData? En menys de 30 minuts t&#8217;ensenyem com pots digitalitzar la gesti\u00f3 de la teva producci\u00f3 agr\u00edcola amb Rawdata. \u00a0 \u00a0 \u00a0 \u00a0 \u00a0 \u00a0 \u00a0 \u00a0\u00a0 \u00a0 \u00bfHablamos? Pol\u00edtica de Privacitat Cookies \u00a9 RawData 2024<\/p>\n","protected":false},"author":3,"featured_media":33653,"parent":0,"menu_order":0,"comment_status":"closed","ping_status":"closed","template":"elementor_canvas","meta":{"_acf_changed":false,"content-type":"","footnotes":""},"class_list":["post-37679","page","type-page","status-publish","has-post-thumbnail","hentry"],"acf":[],"_links":{"self":[{"href":"https:\/\/agrawdata.com\/ca\/wp-json\/wp\/v2\/pages\/37679","targetHints":{"allow":["GET"]}}],"collection":[{"href":"https:\/\/agrawdata.com\/ca\/wp-json\/wp\/v2\/pages"}],"about":[{"href":"https:\/\/agrawdata.com\/ca\/wp-json\/wp\/v2\/types\/page"}],"author":[{"embeddable":true,"href":"https:\/\/agrawdata.com\/ca\/wp-json\/wp\/v2\/users\/3"}],"replies":[{"embeddable":true,"href":"https:\/\/agrawdata.com\/ca\/wp-json\/wp\/v2\/comments?post=37679"}],"version-history":[{"count":4,"href":"https:\/\/agrawdata.com\/ca\/wp-json\/wp\/v2\/pages\/37679\/revisions"}],"predecessor-version":[{"id":44331,"href":"https:\/\/agrawdata.com\/ca\/wp-json\/wp\/v2\/pages\/37679\/revisions\/44331"}],"wp:featuredmedia":[{"embeddable":true,"href":"https:\/\/agrawdata.com\/ca\/wp-json\/wp\/v2\/media\/33653"}],"wp:attachment":[{"href":"https:\/\/agrawdata.com\/ca\/wp-json\/wp\/v2\/media?parent=37679"}],"curies":[{"name":"wp","href":"https:\/\/api.w.org\/{rel}","templated":true}]}}