{"id":41556,"date":"2025-05-21T10:03:14","date_gmt":"2025-05-21T08:03:14","guid":{"rendered":"https:\/\/agrawdata.com\/premsa\/"},"modified":"2026-03-11T09:36:48","modified_gmt":"2026-03-11T08:36:48","slug":"premsa-2","status":"publish","type":"page","link":"https:\/\/agrawdata.com\/ca\/premsa-2\/","title":{"rendered":"WEBINARS"},"content":{"rendered":"\t\t<div data-elementor-type=\"wp-page\" data-elementor-id=\"41556\" class=\"elementor elementor-41556 elementor-41555\" data-elementor-post-type=\"page\">\n\t\t\t\t\t\t<section data-dce-background-color=\"#FFFFFF\" class=\"elementor-section elementor-top-section elementor-element elementor-element-f4f5184 elementor-section-full_width elementor-section-height-default elementor-section-height-default\" data-id=\"f4f5184\" data-element_type=\"section\" data-e-type=\"section\" data-settings=\"{&quot;background_background&quot;:&quot;gradient&quot;}\">\n\t\t\t\t\t\t<div class=\"elementor-container elementor-column-gap-default\">\n\t\t\t\t\t<div class=\"elementor-column elementor-col-100 elementor-top-column elementor-element elementor-element-68b9966\" data-id=\"68b9966\" data-element_type=\"column\" data-e-type=\"column\">\n\t\t\t<div class=\"elementor-widget-wrap elementor-element-populated\">\n\t\t\t\t\t\t<div class=\"elementor-element elementor-element-505b3f9 elementor-widget elementor-widget-heading\" data-id=\"505b3f9\" data-element_type=\"widget\" data-e-type=\"widget\" data-widget_type=\"heading.default\">\n\t\t\t\t<div class=\"elementor-widget-container\">\n\t\t\t\t\t<h1 class=\"elementor-heading-title elementor-size-default\">Not\u00edcies de RawData<\/h1>\t\t\t\t<\/div>\n\t\t\t\t<\/div>\n\t\t\t\t<div class=\"elementor-element elementor-element-b601b71 elementor-widget elementor-widget-text-editor\" data-id=\"b601b71\" data-element_type=\"widget\" data-e-type=\"widget\" data-widget_type=\"text-editor.default\">\n\t\t\t\t<div class=\"elementor-widget-container\">\n\t\t\t\t\t\t\t\t\t<p>Coneix les not\u00edcies i articles de mitjans de comunicaci\u00f3 que parlen de RawData<\/p>\t\t\t\t\t\t\t\t<\/div>\n\t\t\t\t<\/div>\n\t\t\t\t<div class=\"elementor-element elementor-element-76b0912 dce_masking-none elementor-widget elementor-widget-image\" data-id=\"76b0912\" data-element_type=\"widget\" data-e-type=\"widget\" data-widget_type=\"image.default\">\n\t\t\t\t<div class=\"elementor-widget-container\">\n\t\t\t\t\t\t\t\t\t\t\t\t\t\t\t<img loading=\"lazy\" decoding=\"async\" loading=\"lazy\" width=\"800\" height=\"34\" src=\"https:\/\/agrawdata.com\/wp-content\/uploads\/2023\/12\/Untitled-design-1-1024x44.png\" class=\"attachment-large size-large wp-image-53661\" alt=\"\" srcset=\"https:\/\/agrawdata.com\/wp-content\/uploads\/2023\/12\/Untitled-design-1-1024x44.png 1024w, https:\/\/agrawdata.com\/wp-content\/uploads\/2023\/12\/Untitled-design-1-300x13.png 300w, https:\/\/agrawdata.com\/wp-content\/uploads\/2023\/12\/Untitled-design-1-768x33.png 768w, https:\/\/agrawdata.com\/wp-content\/uploads\/2023\/12\/Untitled-design-1-1536x66.png 1536w, https:\/\/agrawdata.com\/wp-content\/uploads\/2023\/12\/Untitled-design-1.png 1850w\" sizes=\"auto, (max-width: 800px) 100vw, 800px\" \/>\t\t\t\t\t\t\t\t\t\t\t\t\t\t\t<\/div>\n\t\t\t\t<\/div>\n\t\t\t\t<div class=\"elementor-element elementor-element-7029f18 dce_masking-none elementor-widget elementor-widget-image\" data-id=\"7029f18\" data-element_type=\"widget\" data-e-type=\"widget\" data-widget_type=\"image.default\">\n\t\t\t\t<div class=\"elementor-widget-container\">\n\t\t\t\t\t\t\t\t\t\t\t\t\t\t\t<img loading=\"lazy\" decoding=\"async\" loading=\"lazy\" width=\"800\" height=\"90\" src=\"https:\/\/agrawdata.com\/wp-content\/uploads\/2022\/07\/logos-prensa.svg\" class=\"attachment-large size-large wp-image-18751\" alt=\"\" \/>\t\t\t\t\t\t\t\t\t\t\t\t\t\t\t<\/div>\n\t\t\t\t<\/div>\n\t\t\t\t\t<\/div>\n\t\t<\/div>\n\t\t\t\t\t<\/div>\n\t\t<\/section>\n\t\t\t\t<section class=\"elementor-section elementor-top-section elementor-element elementor-element-67b6099 elementor-section-full_width elementor-section-height-default elementor-section-height-default\" data-id=\"67b6099\" data-element_type=\"section\" data-e-type=\"section\" data-settings=\"{&quot;background_background&quot;:&quot;classic&quot;}\">\n\t\t\t\t\t\t<div class=\"elementor-container elementor-column-gap-default\">\n\t\t\t\t\t<div class=\"elementor-column elementor-col-100 elementor-top-column elementor-element elementor-element-9719d45\" data-id=\"9719d45\" data-element_type=\"column\" data-e-type=\"column\">\n\t\t\t<div class=\"elementor-widget-wrap elementor-element-populated\">\n\t\t\t\t\t\t<div class=\"elementor-element elementor-element-a84efeb dce-posts-layout-template dce-col-3 dce-col-tablet-3 dce-col-mobile-1 elementor-widget elementor-widget-dce-dynamicposts-v2\" data-id=\"a84efeb\" data-element_type=\"widget\" data-e-type=\"widget\" data-settings=\"{&quot;style_items&quot;:&quot;template&quot;,&quot;grid_match_height&quot;:&quot;yes&quot;,&quot;grid_match_height_by_row&quot;:&quot;true&quot;,&quot;grid_grid_type&quot;:&quot;flex&quot;}\" data-widget_type=\"dce-dynamicposts-v2.grid\">\n\t\t\t\t<div class=\"elementor-widget-container\">\n\t\t\t\t\t\n\t\t<div class=\"dce-fix-background-loop dce-posts-container dce-posts dce-dynamic-posts-collection  dce-skin-grid dce-skin-grid-flex\">\n\t\t\t\t\t\t<div class=\"dce-posts-wrapper dce-wrapper-grid\">\n\t\t\t\n\t\t<article class=\"post-36095 prensa type-prensa status-publish has-post-thumbnail hentry dce-post dce-post-item dce-item-grid\" data-dce-post-id=\"36095\" data-dce-post-index=\"0\">\n\t\t\t<div class=\"dce-post-block\">\n\t\t\t\t\t<\/div>\n\t\t<\/article>\n\t\t\n\t\t<article class=\"post-35484 prensa type-prensa status-publish has-post-thumbnail hentry dce-post dce-post-item dce-item-grid\" data-dce-post-id=\"35484\" data-dce-post-index=\"1\">\n\t\t\t<div class=\"dce-post-block\">\n\t\t\t\t\t<\/div>\n\t\t<\/article>\n\t\t\n\t\t<article class=\"post-35490 prensa type-prensa status-publish has-post-thumbnail hentry dce-post dce-post-item dce-item-grid\" data-dce-post-id=\"35490\" data-dce-post-index=\"2\">\n\t\t\t<div class=\"dce-post-block\">\n\t\t\t\t\t<\/div>\n\t\t<\/article>\n\t\t\n\t\t<article class=\"post-35493 prensa type-prensa status-publish has-post-thumbnail hentry dce-post dce-post-item dce-item-grid\" data-dce-post-id=\"35493\" data-dce-post-index=\"3\">\n\t\t\t<div class=\"dce-post-block\">\n\t\t\t\t\t<\/div>\n\t\t<\/article>\n\t\t\n\t\t<article class=\"post-35514 prensa type-prensa status-publish has-post-thumbnail hentry dce-post dce-post-item dce-item-grid\" data-dce-post-id=\"35514\" data-dce-post-index=\"4\">\n\t\t\t<div class=\"dce-post-block\">\n\t\t\t\t\t<\/div>\n\t\t<\/article>\n\t\t\n\t\t<article class=\"post-35496 prensa type-prensa status-publish has-post-thumbnail hentry dce-post dce-post-item dce-item-grid\" data-dce-post-id=\"35496\" data-dce-post-index=\"5\">\n\t\t\t<div class=\"dce-post-block\">\n\t\t\t\t\t<\/div>\n\t\t<\/article>\n\t\t\n\t\t<article class=\"post-35508 prensa type-prensa status-publish has-post-thumbnail hentry dce-post dce-post-item dce-item-grid\" data-dce-post-id=\"35508\" data-dce-post-index=\"6\">\n\t\t\t<div class=\"dce-post-block\">\n\t\t\t\t\t<\/div>\n\t\t<\/article>\n\t\t\n\t\t<article class=\"post-35498 prensa type-prensa status-publish has-post-thumbnail hentry dce-post dce-post-item dce-item-grid\" data-dce-post-id=\"35498\" data-dce-post-index=\"7\">\n\t\t\t<div class=\"dce-post-block\">\n\t\t\t\t\t<\/div>\n\t\t<\/article>\n\t\t\n\t\t<article class=\"post-35546 prensa type-prensa status-publish has-post-thumbnail hentry dce-post dce-post-item dce-item-grid\" data-dce-post-id=\"35546\" data-dce-post-index=\"8\">\n\t\t\t<div class=\"dce-post-block\">\n\t\t\t\t\t<\/div>\n\t\t<\/article>\n\t\t\n\t\t<article class=\"post-35519 prensa type-prensa status-publish has-post-thumbnail hentry dce-post dce-post-item dce-item-grid\" data-dce-post-id=\"35519\" data-dce-post-index=\"9\">\n\t\t\t<div class=\"dce-post-block\">\n\t\t\t\t\t<\/div>\n\t\t<\/article>\n\t\t\n\t\t<article class=\"post-35543 prensa type-prensa status-publish has-post-thumbnail hentry dce-post dce-post-item dce-item-grid\" data-dce-post-id=\"35543\" data-dce-post-index=\"10\">\n\t\t\t<div class=\"dce-post-block\">\n\t\t\t\t\t<\/div>\n\t\t<\/article>\n\t\t\n\t\t<article class=\"post-35527 prensa type-prensa status-publish has-post-thumbnail hentry dce-post dce-post-item dce-item-grid\" data-dce-post-id=\"35527\" data-dce-post-index=\"11\">\n\t\t\t<div class=\"dce-post-block\">\n\t\t\t\t\t<\/div>\n\t\t<\/article>\n\t\t\n\t\t<article class=\"post-35532 prensa type-prensa status-publish has-post-thumbnail hentry dce-post dce-post-item dce-item-grid\" data-dce-post-id=\"35532\" data-dce-post-index=\"12\">\n\t\t\t<div class=\"dce-post-block\">\n\t\t\t\t\t<\/div>\n\t\t<\/article>\n\t\t\n\t\t<article class=\"post-35522 prensa type-prensa status-publish has-post-thumbnail hentry dce-post dce-post-item dce-item-grid\" data-dce-post-id=\"35522\" data-dce-post-index=\"13\">\n\t\t\t<div class=\"dce-post-block\">\n\t\t\t\t\t<\/div>\n\t\t<\/article>\n\t\t\n\t\t<article class=\"post-35557 prensa type-prensa status-publish has-post-thumbnail hentry dce-post dce-post-item dce-item-grid\" data-dce-post-id=\"35557\" data-dce-post-index=\"14\">\n\t\t\t<div class=\"dce-post-block\">\n\t\t\t\t\t<\/div>\n\t\t<\/article>\n\t\t\n\t\t<article class=\"post-35550 prensa type-prensa status-publish has-post-thumbnail hentry dce-post dce-post-item dce-item-grid\" data-dce-post-id=\"35550\" data-dce-post-index=\"15\">\n\t\t\t<div class=\"dce-post-block\">\n\t\t\t\t\t<\/div>\n\t\t<\/article>\n\t\t\n\t\t<article class=\"post-35554 prensa type-prensa status-publish has-post-thumbnail hentry dce-post dce-post-item dce-item-grid\" data-dce-post-id=\"35554\" data-dce-post-index=\"16\">\n\t\t\t<div class=\"dce-post-block\">\n\t\t\t\t\t<\/div>\n\t\t<\/article>\n\t\t\t\t\t<\/div>\n\t\t\t\t\t<\/div>\n\t\t\t\t\t\t<\/div>\n\t\t\t\t<\/div>\n\t\t\t\t\t<\/div>\n\t\t<\/div>\n\t\t\t\t\t<\/div>\n\t\t<\/section>\n\t\t\t\t<\/div>\n\t\t","protected":false},"excerpt":{"rendered":"<p>Not\u00edcies de RawData Coneix les not\u00edcies i articles de mitjans de comunicaci\u00f3 que parlen de RawData<\/p>\n","protected":false},"author":3,"featured_media":0,"parent":0,"menu_order":0,"comment_status":"closed","ping_status":"closed","template":"elementor_header_footer","meta":{"_acf_changed":false,"content-type":"","footnotes":""},"class_list":["post-41556","page","type-page","status-publish","hentry"],"acf":[],"_links":{"self":[{"href":"https:\/\/agrawdata.com\/ca\/wp-json\/wp\/v2\/pages\/41556","targetHints":{"allow":["GET"]}}],"collection":[{"href":"https:\/\/agrawdata.com\/ca\/wp-json\/wp\/v2\/pages"}],"about":[{"href":"https:\/\/agrawdata.com\/ca\/wp-json\/wp\/v2\/types\/page"}],"author":[{"embeddable":true,"href":"https:\/\/agrawdata.com\/ca\/wp-json\/wp\/v2\/users\/3"}],"replies":[{"embeddable":true,"href":"https:\/\/agrawdata.com\/ca\/wp-json\/wp\/v2\/comments?post=41556"}],"version-history":[{"count":2,"href":"https:\/\/agrawdata.com\/ca\/wp-json\/wp\/v2\/pages\/41556\/revisions"}],"predecessor-version":[{"id":54043,"href":"https:\/\/agrawdata.com\/ca\/wp-json\/wp\/v2\/pages\/41556\/revisions\/54043"}],"wp:attachment":[{"href":"https:\/\/agrawdata.com\/ca\/wp-json\/wp\/v2\/media?parent=41556"}],"curies":[{"name":"wp","href":"https:\/\/api.w.org\/{rel}","templated":true}]}}