{"id":36893,"date":"2024-11-20T16:22:53","date_gmt":"2024-11-20T15:22:53","guid":{"rendered":"https:\/\/agrawdata.com\/book-rc-demo\/"},"modified":"2026-03-11T09:38:07","modified_gmt":"2026-03-11T08:38:07","slug":"book-rc-demo-4","status":"publish","type":"page","link":"https:\/\/agrawdata.com\/en\/book-rc-demo-4\/","title":{"rendered":"Book Demo last step"},"content":{"rendered":"\t\t<div data-elementor-type=\"wp-page\" data-elementor-id=\"36893\" class=\"elementor elementor-36893 elementor-36873\" data-elementor-post-type=\"page\">\n\t\t\t\t\t\t<section data-dce-background-overlay-color=\"#CFF8D5\" class=\"elementor-section elementor-top-section elementor-element elementor-element-e80ec63 elementor-section-boxed elementor-section-height-default elementor-section-height-default\" data-id=\"e80ec63\" data-element_type=\"section\" data-e-type=\"section\">\n\t\t\t\t\t\t\t<div class=\"elementor-background-overlay\"><\/div>\n\t\t\t\t\t\t\t<div class=\"elementor-container elementor-column-gap-custom\">\n\t\t\t\t\t<div class=\"elementor-column elementor-col-50 elementor-top-column elementor-element elementor-element-0534abc\" data-id=\"0534abc\" data-element_type=\"column\" data-e-type=\"column\" data-settings=\"{&quot;background_background&quot;:&quot;gradient&quot;}\">\n\t\t\t<div class=\"elementor-widget-wrap elementor-element-populated\">\n\t\t\t\t\t<div class=\"elementor-background-overlay\"><\/div>\n\t\t\t\t\t\t<div class=\"elementor-element elementor-element-4a5fe4e elementor-widget elementor-widget-heading\" data-id=\"4a5fe4e\" data-element_type=\"widget\" data-e-type=\"widget\" data-widget_type=\"heading.default\">\n\t\t\t\t<div class=\"elementor-widget-container\">\n\t\t\t\t\t<p class=\"elementor-heading-title elementor-size-default\">Todo lo que podemos hacer por ti y mucho m\u00e1s...<\/p>\t\t\t\t<\/div>\n\t\t\t\t<\/div>\n\t\t\t\t<div class=\"elementor-element elementor-element-25b8be6 elementor-widget elementor-widget-text-editor\" data-id=\"25b8be6\" data-element_type=\"widget\" data-e-type=\"widget\" data-widget_type=\"text-editor.default\">\n\t\t\t\t<div class=\"elementor-widget-container\">\n\t\t\t\t\t\t\t\t\t<p style=\"font-size: 17px;\"><strong><span style=\"font-size: 25px;\">+ 5.000 usuarios<\/span> <\/strong>ya usan Raw Data.<\/p>\n<p style=\"font-size: 17px;\">Contar\u00e1s con un <strong><span style=\"font-size: 25px;\">ingeniero agr\u00f3nomo<\/span><\/strong> para ti.<\/p>\n<p style=\"font-size: 17px;\"><strong><span style=\"font-size: 25px;\">40% m\u00e1s cada a\u00f1o<\/span><\/strong> en la productividad de tus trabajadores.<\/p>\t\t\t\t\t\t\t\t<\/div>\n\t\t\t\t<\/div>\n\t\t\t\t<div class=\"elementor-element elementor-element-725c40b elementor-widget elementor-widget-text-editor\" data-id=\"725c40b\" data-element_type=\"widget\" data-e-type=\"widget\" data-widget_type=\"text-editor.default\">\n\t\t\t\t<div class=\"elementor-widget-container\">\n\t\t\t\t\t\t\t\t\t<p><img decoding=\"async\" class=\"alignnone wp-image-26173\" src=\"https:\/\/agrawdata.com\/wp-content\/uploads\/2023\/06\/bollo-natural-fruits-300x132.png\" alt=\"\" width=\"109\" height=\"48\" srcset=\"https:\/\/agrawdata.com\/wp-content\/uploads\/2023\/06\/bollo-natural-fruits-300x132.png 300w, https:\/\/agrawdata.com\/wp-content\/uploads\/2023\/06\/bollo-natural-fruits-1024x452.png 1024w, https:\/\/agrawdata.com\/wp-content\/uploads\/2023\/06\/bollo-natural-fruits-768x339.png 768w, https:\/\/agrawdata.com\/wp-content\/uploads\/2023\/06\/bollo-natural-fruits.png 1034w\" sizes=\"(max-width: 109px) 100vw, 109px\" \/>\u00a0 \u00a0 \u00a0 <img decoding=\"async\" class=\"alignnone wp-image-22135\" src=\"https:\/\/agrawdata.com\/wp-content\/uploads\/2023\/02\/el-ciruelo-300x82.png\" alt=\"\" width=\"132\" height=\"36\" srcset=\"https:\/\/agrawdata.com\/wp-content\/uploads\/2023\/02\/el-ciruelo-300x82.png 300w, https:\/\/agrawdata.com\/wp-content\/uploads\/2023\/02\/el-ciruelo.png 366w\" sizes=\"(max-width: 132px) 100vw, 132px\" \/>\u00a0 \u00a0<img decoding=\"async\" class=\"alignnone wp-image-21414\" src=\"https:\/\/agrawdata.com\/wp-content\/uploads\/2023\/01\/alhondiga-la-union.png\" alt=\"\" width=\"116\" height=\"82\" \/><\/p>\n<p><img loading=\"lazy\" decoding=\"async\" class=\"alignnone wp-image-36591\" src=\"https:\/\/agrawdata.com\/wp-content\/uploads\/2024\/11\/Recurso-15-300x161.png\" alt=\"\" width=\"87\" height=\"47\" srcset=\"https:\/\/agrawdata.com\/wp-content\/uploads\/2024\/11\/Recurso-15-300x161.png 300w, https:\/\/agrawdata.com\/wp-content\/uploads\/2024\/11\/Recurso-15.png 400w\" sizes=\"(max-width: 87px) 100vw, 87px\" \/>\u00a0 \u00a0 \u00a0<img loading=\"lazy\" decoding=\"async\" class=\"alignnone wp-image-1118\" src=\"https:\/\/agrawdata.com\/wp-content\/uploads\/2019\/03\/11Logo_cliente_Cerima-300x121.png\" alt=\"\" width=\"116\" height=\"47\" srcset=\"https:\/\/agrawdata.com\/wp-content\/uploads\/2019\/03\/11Logo_cliente_Cerima-300x121.png 300w, https:\/\/agrawdata.com\/wp-content\/uploads\/2019\/03\/11Logo_cliente_Cerima-768x309.png 768w, https:\/\/agrawdata.com\/wp-content\/uploads\/2019\/03\/11Logo_cliente_Cerima-1024x412.png 1024w, https:\/\/agrawdata.com\/wp-content\/uploads\/2019\/03\/11Logo_cliente_Cerima.png 1960w\" sizes=\"(max-width: 116px) 100vw, 116px\" \/>\u00a0 \u00a0 <img loading=\"lazy\" decoding=\"async\" class=\"alignnone wp-image-36594\" src=\"https:\/\/agrawdata.com\/wp-content\/uploads\/2024\/11\/Recurso-17-300x59.png\" alt=\"\" width=\"158\" height=\"31\" srcset=\"https:\/\/agrawdata.com\/wp-content\/uploads\/2024\/11\/Recurso-17-300x59.png 300w, https:\/\/agrawdata.com\/wp-content\/uploads\/2024\/11\/Recurso-17-1024x201.png 1024w, https:\/\/agrawdata.com\/wp-content\/uploads\/2024\/11\/Recurso-17-768x151.png 768w, https:\/\/agrawdata.com\/wp-content\/uploads\/2024\/11\/Recurso-17.png 1511w\" sizes=\"(max-width: 158px) 100vw, 158px\" \/><\/p>\n\t\t\t\t\t\t\t\t<\/div>\n\t\t\t\t<\/div>\n\t\t\t\t<div class=\"elementor-element elementor-element-3098aa6 elementor-button-info elementor-align-left elementor-widget elementor-widget-button\" data-id=\"3098aa6\" data-element_type=\"widget\" data-e-type=\"widget\" data-widget_type=\"button.default\">\n\t\t\t\t<div class=\"elementor-widget-container\">\n\t\t\t\t\t\t\t\t\t<div class=\"elementor-button-wrapper\">\n\t\t\t\t\t<a class=\"elementor-button elementor-button-link elementor-size-sm\" href=\"https:\/\/w.app\/wPlCJR\">\n\t\t\t\t\t\t<span class=\"elementor-button-content-wrapper\">\n\t\t\t\t\t\t<span class=\"elementor-button-icon\">\n\t\t\t\t<i aria-hidden=\"true\" class=\"fab fa-whatsapp\"><\/i>\t\t\t<\/span>\n\t\t\t\t\t\t\t\t\t<span class=\"elementor-button-text\">Talk?<\/span>\n\t\t\t\t\t<\/span>\n\t\t\t\t\t<\/a>\n\t\t\t\t<\/div>\n\t\t\t\t\t\t\t\t<\/div>\n\t\t\t\t<\/div>\n\t\t\t\t\t<\/div>\n\t\t<\/div>\n\t\t\t\t<div class=\"elementor-column elementor-col-50 elementor-top-column elementor-element elementor-element-ec28a69\" data-id=\"ec28a69\" data-element_type=\"column\" data-e-type=\"column\" data-settings=\"{&quot;background_background&quot;:&quot;classic&quot;}\">\n\t\t\t<div class=\"elementor-widget-wrap elementor-element-populated\">\n\t\t\t\t\t\t<div class=\"elementor-element elementor-element-ea16a03 elementor-widget elementor-widget-heading\" data-id=\"ea16a03\" data-element_type=\"widget\" data-e-type=\"widget\" data-widget_type=\"heading.default\">\n\t\t\t\t<div class=\"elementor-widget-container\">\n\t\t\t\t\t<h1 class=\"elementor-heading-title elementor-size-default\">Necesitamos saber un par de cosas<\/h1>\t\t\t\t<\/div>\n\t\t\t\t<\/div>\n\t\t\t\t<div class=\"elementor-element elementor-element-0d1b099 elementor-widget elementor-widget-text-editor\" data-id=\"0d1b099\" data-element_type=\"widget\" data-e-type=\"widget\" data-widget_type=\"text-editor.default\">\n\t\t\t\t<div class=\"elementor-widget-container\">\n\t\t\t\t\t\t\t\t\t<h2><span style=\"color: #008080;\">Cu\u00e9ntanos un poco de ti para darte una atenci\u00f3n personalizada<\/span><\/h2>\t\t\t\t\t\t\t\t<\/div>\n\t\t\t\t<\/div>\n\t\t\t\t<section class=\"elementor-section elementor-inner-section elementor-element elementor-element-aa5b011 elementor-section-boxed elementor-section-height-default elementor-section-height-default\" data-id=\"aa5b011\" data-element_type=\"section\" data-e-type=\"section\">\n\t\t\t\t\t\t<div class=\"elementor-container elementor-column-gap-default\">\n\t\t\t\t\t<div class=\"elementor-column elementor-col-100 elementor-inner-column elementor-element elementor-element-9a0dc9f\" data-id=\"9a0dc9f\" data-element_type=\"column\" data-e-type=\"column\" data-settings=\"{&quot;background_background&quot;:&quot;classic&quot;}\">\n\t\t\t<div class=\"elementor-widget-wrap elementor-element-populated\">\n\t\t\t\t\t\t<div class=\"elementor-element elementor-element-8bdfb27 elementor-widget elementor-widget-hubspot-form\" data-id=\"8bdfb27\" data-element_type=\"widget\" data-e-type=\"widget\" data-widget_type=\"hubspot-form.default\">\n\t\t\t\t<div class=\"elementor-widget-container\">\n\t\t\t\t\t\n\t\t\t\t\t\t<script>\n\t\t\t\t\t\t\twindow.hsFormsOnReady = window.hsFormsOnReady || [];\n\t\t\t\t\t\t\twindow.hsFormsOnReady.push(()=>{\n\t\t\t\t\t\t\t\thbspt.forms.create({\n\t\t\t\t\t\t\t\t\tportalId: 25288778,\n\t\t\t\t\t\t\t\t\tformId: \"5993043d-5cd0-452e-851e-d6c93614eea1\",\n\t\t\t\t\t\t\t\t\ttarget: \"#hbspt-form-1775562350000-8633807637\",\n\t\t\t\t\t\t\t\t\tregion: \"eu1\",\n\t\t\t\t\t\t\t\t\t\n\t\t\t\t\t\t\t})});\n\t\t\t\t\t\t<\/script>\n\t\t\t\t\t\t<div class=\"hbspt-form\" id=\"hbspt-form-1775562350000-8633807637\"><\/div>\t\t\t\t<\/div>\n\t\t\t\t<\/div>\n\t\t\t\t\t<\/div>\n\t\t<\/div>\n\t\t\t\t\t<\/div>\n\t\t<\/section>\n\t\t\t\t\t<\/div>\n\t\t<\/div>\n\t\t\t\t\t<\/div>\n\t\t<\/section>\n\t\t\t\t<section class=\"elementor-section elementor-top-section elementor-element elementor-element-2e10e5a elementor-section-boxed elementor-section-height-default elementor-section-height-default\" data-id=\"2e10e5a\" data-element_type=\"section\" data-e-type=\"section\">\n\t\t\t\t\t\t<div class=\"elementor-container elementor-column-gap-default\">\n\t\t\t\t\t<div class=\"elementor-column elementor-col-100 elementor-top-column elementor-element elementor-element-ad46819\" data-id=\"ad46819\" data-element_type=\"column\" data-e-type=\"column\">\n\t\t\t<div class=\"elementor-widget-wrap\">\n\t\t\t\t\t\t\t<\/div>\n\t\t<\/div>\n\t\t\t\t\t<\/div>\n\t\t<\/section>\n\t\t\t\t<section data-dce-background-color=\"#F7F8F8\" class=\"elementor-section elementor-top-section elementor-element elementor-element-32a1c59 elementor-section-stretched elementor-section-boxed elementor-section-height-default elementor-section-height-default\" data-id=\"32a1c59\" data-element_type=\"section\" data-e-type=\"section\" data-settings=\"{&quot;background_background&quot;:&quot;classic&quot;,&quot;stretch_section&quot;:&quot;section-stretched&quot;}\">\n\t\t\t\t\t\t<div class=\"elementor-container elementor-column-gap-default\">\n\t\t\t\t\t<div class=\"elementor-column elementor-col-33 elementor-top-column elementor-element elementor-element-f059261\" data-id=\"f059261\" data-element_type=\"column\" data-e-type=\"column\">\n\t\t\t<div class=\"elementor-widget-wrap elementor-element-populated\">\n\t\t\t\t\t\t<div class=\"elementor-element elementor-element-91328d9 elementor-widget elementor-widget-heading\" data-id=\"91328d9\" data-element_type=\"widget\" data-e-type=\"widget\" data-widget_type=\"heading.default\">\n\t\t\t\t<div class=\"elementor-widget-container\">\n\t\t\t\t\t<p class=\"elementor-heading-title elementor-size-default\">\u00a9 RawData 2022<\/p>\t\t\t\t<\/div>\n\t\t\t\t<\/div>\n\t\t\t\t\t<\/div>\n\t\t<\/div>\n\t\t\t\t<div class=\"elementor-column elementor-col-33 elementor-top-column elementor-element elementor-element-9730d61\" data-id=\"9730d61\" data-element_type=\"column\" data-e-type=\"column\">\n\t\t\t<div class=\"elementor-widget-wrap elementor-element-populated\">\n\t\t\t\t\t\t<div class=\"elementor-element elementor-element-61b7d18 elementor-widget elementor-widget-heading\" data-id=\"61b7d18\" data-element_type=\"widget\" data-e-type=\"widget\" data-widget_type=\"heading.default\">\n\t\t\t\t<div class=\"elementor-widget-container\">\n\t\t\t\t\t<p class=\"elementor-heading-title elementor-size-default\"><a href=\"https:\/\/agrawdata.com\/en\/privacy-policy\/\">Privacy Policy<\/a><\/p>\t\t\t\t<\/div>\n\t\t\t\t<\/div>\n\t\t\t\t\t<\/div>\n\t\t<\/div>\n\t\t\t\t<div class=\"elementor-column elementor-col-33 elementor-top-column elementor-element elementor-element-52d5d34\" data-id=\"52d5d34\" data-element_type=\"column\" data-e-type=\"column\">\n\t\t\t<div class=\"elementor-widget-wrap elementor-element-populated\">\n\t\t\t\t\t\t<div class=\"elementor-element elementor-element-afde473 elementor-widget elementor-widget-heading\" data-id=\"afde473\" data-element_type=\"widget\" data-e-type=\"widget\" data-widget_type=\"heading.default\">\n\t\t\t\t<div class=\"elementor-widget-container\">\n\t\t\t\t\t<p class=\"elementor-heading-title elementor-size-default\"><a href=\"https:\/\/agrawdata.com\/en\/cookies-policy\/\">Cookies<\/a><\/p>\t\t\t\t<\/div>\n\t\t\t\t<\/div>\n\t\t\t\t\t<\/div>\n\t\t<\/div>\n\t\t\t\t\t<\/div>\n\t\t<\/section>\n\t\t\t\t<section class=\"elementor-section elementor-top-section elementor-element elementor-element-f4a3913 elementor-section-boxed elementor-section-height-default elementor-section-height-default\" data-id=\"f4a3913\" data-element_type=\"section\" data-e-type=\"section\">\n\t\t\t\t\t\t<div class=\"elementor-container elementor-column-gap-default\">\n\t\t\t\t\t<div class=\"elementor-column elementor-col-100 elementor-top-column elementor-element elementor-element-696b62a\" data-id=\"696b62a\" data-element_type=\"column\" data-e-type=\"column\">\n\t\t\t<div class=\"elementor-widget-wrap\">\n\t\t\t\t\t\t\t<\/div>\n\t\t<\/div>\n\t\t\t\t\t<\/div>\n\t\t<\/section>\n\t\t\t\t<\/div>\n\t\t","protected":false},"excerpt":{"rendered":"<p>Todo lo que podemos hacer por ti y mucho m\u00e1s&#8230; + 5.000 usuarios ya usan Raw Data. Contar\u00e1s con un ingeniero agr\u00f3nomo para ti. 40% m\u00e1s cada a\u00f1o en la productividad de tus trabajadores. \u00a0 \u00a0 \u00a0 \u00a0 \u00a0 \u00a0 \u00a0 \u00a0\u00a0 \u00a0 Talk? Necesitamos saber un par de cosas Cu\u00e9ntanos un poco de ti [&hellip;]<\/p>\n","protected":false},"author":3,"featured_media":35044,"parent":0,"menu_order":0,"comment_status":"closed","ping_status":"closed","template":"","meta":{"_acf_changed":false,"content-type":"","footnotes":""},"class_list":["post-36893","page","type-page","status-publish","has-post-thumbnail","hentry"],"acf":[],"_links":{"self":[{"href":"https:\/\/agrawdata.com\/en\/wp-json\/wp\/v2\/pages\/36893","targetHints":{"allow":["GET"]}}],"collection":[{"href":"https:\/\/agrawdata.com\/en\/wp-json\/wp\/v2\/pages"}],"about":[{"href":"https:\/\/agrawdata.com\/en\/wp-json\/wp\/v2\/types\/page"}],"author":[{"embeddable":true,"href":"https:\/\/agrawdata.com\/en\/wp-json\/wp\/v2\/users\/3"}],"replies":[{"embeddable":true,"href":"https:\/\/agrawdata.com\/en\/wp-json\/wp\/v2\/comments?post=36893"}],"version-history":[{"count":5,"href":"https:\/\/agrawdata.com\/en\/wp-json\/wp\/v2\/pages\/36893\/revisions"}],"predecessor-version":[{"id":54208,"href":"https:\/\/agrawdata.com\/en\/wp-json\/wp\/v2\/pages\/36893\/revisions\/54208"}],"wp:featuredmedia":[{"embeddable":true,"href":"https:\/\/agrawdata.com\/en\/wp-json\/wp\/v2\/media\/35044"}],"wp:attachment":[{"href":"https:\/\/agrawdata.com\/en\/wp-json\/wp\/v2\/media?parent=36893"}],"curies":[{"name":"wp","href":"https:\/\/api.w.org\/{rel}","templated":true}]}}